{"id":6201,"date":"2025-11-10T13:08:56","date_gmt":"2025-11-10T12:08:56","guid":{"rendered":"https:\/\/www.novani.be\/?post_type=product&#038;p=6201"},"modified":"2026-02-02T10:59:21","modified_gmt":"2026-02-02T09:59:21","slug":"fondants-parfumes-5-pieces","status":"publish","type":"product","link":"https:\/\/www.novani.be\/index.php\/produit\/fondants-parfumes-5-pieces\/","title":{"rendered":"FONDANTS PARFUMES &#8211; 5 PIECES"},"content":{"rendered":"<h2 data-start=\"155\" data-end=\"431\">Fondants parfum\u00e9s &#8211; 5 pi\u00e8ces<\/h2>\n<p data-start=\"155\" data-end=\"431\">J\u2019ai imagin\u00e9 ces fondants parfum\u00e9s pour vous offrir une fa\u00e7on simple et po\u00e9tique de parfumer votre int\u00e9rieur.<br data-start=\"268\" data-end=\"271\" \/>Chaque fondant p\u00e8se environ 25 g, et ce coffret en contient 5, aux parfums phares de cet hiver :<\/p>\n<ul>\n<li data-start=\"155\" data-end=\"431\">PAF ! (Cuir et bois)<\/li>\n<li data-start=\"155\" data-end=\"431\">GLOU ! (Vin chaud)<\/li>\n<li data-start=\"155\" data-end=\"431\">SLURP ! (D\u00e9lice gourmand)<\/li>\n<li data-start=\"155\" data-end=\"431\">POP ! (Bulles festives)<\/li>\n<li data-start=\"155\" data-end=\"431\">AAH ! (Azal\u00e9e du japon)<\/li>\n<\/ul>\n<p data-start=\"433\" data-end=\"705\">Je les coule \u00e0 la main dans mon atelier pr\u00e8s de Li\u00e8ge, en cire d&#8217;olive et avec des parfums de Grasse, sans CMR, phtalates ni reprotoxiques.<\/p>\n<p data-start=\"707\" data-end=\"939\">Pour les utiliser, il suffit de d\u00e9poser un fondant sur un <a href=\"https:\/\/www.novani.be\/index.php\/produit\/brule-parfum\/\">br\u00fble-parfum<\/a> et de laisser la chaleur diffuser d\u00e9licatement sa fragrance. Une fois refroidi, vous pouvez le r\u00e9utiliser plusieurs fois, jusqu\u2019\u00e0 ce que le parfum s\u2019estompe.<\/p>\n<p data-start=\"1096\" data-end=\"1260\">Ces fondants sont parfaits pour (vous) faire plaisir et d\u00e9couvrir mes parfums d\u2019hiver, pens\u00e9s pour cr\u00e9er une atmosph\u00e8re douce, chaleureuse et pleine de caract\u00e8re.<\/p>\n","protected":false},"excerpt":{"rendered":"<p>J\u2019ai cr\u00e9\u00e9 ces fondants parfum\u00e9s artisanaux pour parfumer votre int\u00e9rieur avec les parfums phares de l\u2019hiver:<\/p>\n<ul>\n<li data-start=\"155\" data-end=\"431\">PAF ! (Cuir et bois)<\/li>\n<li data-start=\"155\" data-end=\"431\">GLOU ! (Vin chaud)<\/li>\n<li data-start=\"155\" data-end=\"431\">SLURP ! (D\u00e9lice gourmand)<\/li>\n<li data-start=\"155\" data-end=\"431\">POP ! (Bulles festives)<\/li>\n<li data-start=\"155\" data-end=\"431\">AAH ! (Azal\u00e9e du japon)<\/li>\n<\/ul>\n<p>Coul\u00e9s \u00e0 la main en cire d&#8217;olive et parfum\u00e9s avec des fragrances de Grasse, ils allient douceur, \u00e9l\u00e9gance et authenticit\u00e9.<br data-start=\"337\" data-end=\"340\" \/>Un coffret contient 5 fondants d\u2019environ 25 g chacun, parfaits pour d\u00e9couvrir mes senteurs hivernales et cr\u00e9er une ambiance chaleureuse \u00e0 la maison.<\/p>\n","protected":false},"featured_media":6198,"comment_status":"closed","ping_status":"closed","template":"","meta":{"content-type":"","om_disable_all_campaigns":false,"_monsterinsights_skip_tracking":false,"_monsterinsights_sitenote_active":false,"_monsterinsights_sitenote_note":"","_monsterinsights_sitenote_category":0,"_uf_show_specific_survey":0,"_uf_disable_surveys":false,"ocean_post_layout":"","ocean_both_sidebars_style":"","ocean_both_sidebars_content_width":0,"ocean_both_sidebars_sidebars_width":0,"ocean_sidebar":"0","ocean_second_sidebar":"0","ocean_disable_margins":"enable","ocean_add_body_class":"","ocean_shortcode_before_top_bar":"","ocean_shortcode_after_top_bar":"","ocean_shortcode_before_header":"","ocean_shortcode_after_header":"","ocean_has_shortcode":"","ocean_shortcode_after_title":"","ocean_shortcode_before_footer_widgets":"","ocean_shortcode_after_footer_widgets":"","ocean_shortcode_before_footer_bottom":"","ocean_shortcode_after_footer_bottom":"","ocean_display_top_bar":"default","ocean_display_header":"default","ocean_header_style":"","ocean_center_header_left_menu":"0","ocean_custom_header_template":"0","ocean_custom_logo":0,"ocean_custom_retina_logo":0,"ocean_custom_logo_max_width":0,"ocean_custom_logo_tablet_max_width":0,"ocean_custom_logo_mobile_max_width":0,"ocean_custom_logo_max_height":0,"ocean_custom_logo_tablet_max_height":0,"ocean_custom_logo_mobile_max_height":0,"ocean_header_custom_menu":"0","ocean_menu_typo_font_family":"0","ocean_menu_typo_font_subset":"","ocean_menu_typo_font_size":0,"ocean_menu_typo_font_size_tablet":0,"ocean_menu_typo_font_size_mobile":0,"ocean_menu_typo_font_size_unit":"px","ocean_menu_typo_font_weight":"","ocean_menu_typo_font_weight_tablet":"","ocean_menu_typo_font_weight_mobile":"","ocean_menu_typo_transform":"","ocean_menu_typo_transform_tablet":"","ocean_menu_typo_transform_mobile":"","ocean_menu_typo_line_height":0,"ocean_menu_typo_line_height_tablet":0,"ocean_menu_typo_line_height_mobile":0,"ocean_menu_typo_line_height_unit":"","ocean_menu_typo_spacing":0,"ocean_menu_typo_spacing_tablet":0,"ocean_menu_typo_spacing_mobile":0,"ocean_menu_typo_spacing_unit":"","ocean_menu_link_color":"","ocean_menu_link_color_hover":"","ocean_menu_link_color_active":"","ocean_menu_link_background":"","ocean_menu_link_hover_background":"","ocean_menu_link_active_background":"","ocean_menu_social_links_bg":"","ocean_menu_social_hover_links_bg":"","ocean_menu_social_links_color":"","ocean_menu_social_hover_links_color":"","ocean_disable_title":"default","ocean_disable_heading":"default","ocean_post_title":"","ocean_post_subheading":"","ocean_post_title_style":"","ocean_post_title_background_color":"","ocean_post_title_background":0,"ocean_post_title_bg_image_position":"","ocean_post_title_bg_image_attachment":"","ocean_post_title_bg_image_repeat":"","ocean_post_title_bg_image_size":"","ocean_post_title_height":0,"ocean_post_title_bg_overlay":0.5,"ocean_post_title_bg_overlay_color":"","ocean_disable_breadcrumbs":"default","ocean_breadcrumbs_color":"","ocean_breadcrumbs_separator_color":"","ocean_breadcrumbs_links_color":"","ocean_breadcrumbs_links_hover_color":"","ocean_display_footer_widgets":"default","ocean_display_footer_bottom":"default","ocean_custom_footer_template":"0","ofc_meta_disable_footer_callout":"","ofc_meta_callout_button_url":"","ofc_meta_callout_button_txt":"","ofc_meta_callout_text":"","ofc_enable_fullscreen":"disable","ofc_fullscreen_speed":0,"ofc_fullscreen_nav":"enable","ofc_fullscreen_nav_pos":"right","ofc_fullscreen_nav_color":"","ofc_fullscreen_nav_tooltip_color":"","ofc_fullscreen_responsive":0,"osp_disable_panel":"default","osh_disable_topbar_sticky":"default","osh_disable_header_sticky":"default","osh_sticky_header_style":"default","osh_sticky_header_effect":"","osh_custom_sticky_logo":0,"osh_custom_retina_sticky_logo":0,"osh_custom_sticky_logo_height":0,"osh_background_color":"","osh_links_color":"","osh_links_hover_color":"","osh_links_active_color":"","osh_links_bg_color":"","osh_links_hover_bg_color":"","osh_links_active_bg_color":"","osh_menu_social_links_color":"","osh_menu_social_hover_links_color":""},"product_brand":[],"product_cat":[71,86,27,30,133],"product_tag":[],"class_list":{"0":"post-6201","1":"product","2":"type-product","3":"status-publish","4":"has-post-thumbnail","6":"product_cat-bougies","7":"product_cat-cadeaux","8":"product_cat-la-boutique","9":"product_cat-les-parfumes","10":"product_cat-noel","12":"entry","13":"has-media","15":"first","16":"instock","17":"shipping-taxable","18":"purchasable","19":"product-type-simple","20":"has-product-nav","21":"col","22":"span_1_of_4","23":"owp-content-center","24":"item-entry","25":"owp-thumbs-layout-vertical","26":"owp-btn-normal","27":"owp-tabs-layout-vertical","29":"circle-sale"},"aioseo_notices":[],"_links":{"self":[{"href":"https:\/\/www.novani.be\/index.php\/wp-json\/wp\/v2\/product\/6201","targetHints":{"allow":["GET"]}}],"collection":[{"href":"https:\/\/www.novani.be\/index.php\/wp-json\/wp\/v2\/product"}],"about":[{"href":"https:\/\/www.novani.be\/index.php\/wp-json\/wp\/v2\/types\/product"}],"replies":[{"embeddable":true,"href":"https:\/\/www.novani.be\/index.php\/wp-json\/wp\/v2\/comments?post=6201"}],"wp:featuredmedia":[{"embeddable":true,"href":"https:\/\/www.novani.be\/index.php\/wp-json\/wp\/v2\/media\/6198"}],"wp:attachment":[{"href":"https:\/\/www.novani.be\/index.php\/wp-json\/wp\/v2\/media?parent=6201"}],"wp:term":[{"taxonomy":"product_brand","embeddable":true,"href":"https:\/\/www.novani.be\/index.php\/wp-json\/wp\/v2\/product_brand?post=6201"},{"taxonomy":"product_cat","embeddable":true,"href":"https:\/\/www.novani.be\/index.php\/wp-json\/wp\/v2\/product_cat?post=6201"},{"taxonomy":"product_tag","embeddable":true,"href":"https:\/\/www.novani.be\/index.php\/wp-json\/wp\/v2\/product_tag?post=6201"}],"curies":[{"name":"wp","href":"https:\/\/api.w.org\/{rel}","templated":true}]}}