{"id":5781,"date":"2025-08-31T11:51:02","date_gmt":"2025-08-31T09:51:02","guid":{"rendered":"https:\/\/www.novani.be\/?post_type=product&#038;p=5781"},"modified":"2026-02-23T22:48:15","modified_gmt":"2026-02-23T21:48:15","slug":"les-sensorielles-wow-ca-sent-le-bonheur","status":"publish","type":"product","link":"https:\/\/www.novani.be\/index.php\/produit\/les-sensorielles-wow-ca-sent-le-bonheur\/","title":{"rendered":"\u00abWOW ! Ca sent le bonheur \u00bb (Parfum azal\u00e9e du Japon)"},"content":{"rendered":"<h2 data-start=\"523\" data-end=\"578\"><strong data-start=\"527\" data-end=\"576\">Bougie WOW ! Ca sent le bonheur<\/strong><\/h2>\n<h3 data-start=\"579\" data-end=\"617\"><strong data-start=\"579\" data-end=\"617\">Gamme exclusive &#8220;Les Sensorielles&#8221;<\/strong><\/h3>\n<p data-start=\"182\" data-end=\"432\">Avec <strong data-start=\"187\" data-end=\"196\">WOW !<\/strong>, j\u2019ai voulu capturer ce moment rare o\u00f9 tout semble parfait : le soleil brille, les rires r\u00e9sonnent, et m\u00eame vos cheveux ont d\u00e9cid\u00e9 de coop\u00e9rer. Une bougie qui \u00e9voque la l\u00e9g\u00e8ret\u00e9 d\u2019une journ\u00e9e id\u00e9ale, o\u00f9 la vie para\u00eet simple et belle.<\/p>\n<p data-start=\"434\" data-end=\"791\">Son parfum, <strong data-start=\"446\" data-end=\"465\">Azal\u00e9e du Japon<\/strong>, vous invite \u00e0 fl\u00e2ner dans un jardin en fleurs. L\u2019ouverture lumineuse de la bergamote et du poivre rose \u00e9veille vos sens, avant de laisser place \u00e0 un c\u0153ur floral \u00e9clatant r\u00e9hauss\u00e9 de cassis. En fond, la douceur fruit\u00e9e de la framboise se m\u00eale \u00e0 la chaleur de l\u2019ambre, cr\u00e9ant un sillage \u00e0 la fois sucr\u00e9, lumineux et \u00e9l\u00e9gant.<\/p>\n<h3 data-start=\"856\" data-end=\"900\">Une fragrance florale et fruit\u00e9e<\/h3>\n<p data-start=\"837\" data-end=\"877\"><strong data-start=\"837\" data-end=\"860\">Famille olfactive :<\/strong> floral, fruit\u00e9<\/p>\n<ul>\n<li data-start=\"881\" data-end=\"925\"><strong data-start=\"881\" data-end=\"900\">Notes de t\u00eate :<\/strong> bergamote, poivre rose<\/li>\n<li data-start=\"928\" data-end=\"971\"><strong data-start=\"928\" data-end=\"947\">Notes de c\u0153ur :<\/strong> accord floral, cassis<\/li>\n<li data-start=\"974\" data-end=\"1012\"><strong data-start=\"974\" data-end=\"993\">Notes de fond :<\/strong> framboise, ambre<\/li>\n<\/ul>\n<p data-start=\"1014\" data-end=\"1092\">Un parfum vibrant qui respire la joie, la fra\u00eecheur et l\u2019\u00e9l\u00e9gance naturelle.<\/p>\n<h3 data-start=\"1160\" data-end=\"1205\">Une playlist pour sourire \u00e0 la vie<\/h3>\n<p data-start=\"1206\" data-end=\"1548\">D\u00e8s que vous allumez <strong data-start=\"1161\" data-end=\"1170\">WOW !<\/strong>, une playlist solaire et p\u00e9tillante accompagne ce moment de bonheur. Parfaite pour illuminer un brunch entre amis, une journ\u00e9e de d\u00e9tente ou simplement pour vous rappeler que la vie a aussi ces instants suspendus de douceur.<\/p>\n<h3 data-start=\"1555\" data-end=\"1587\">\u00c9cologique et rechargeable<\/h3>\n<p data-start=\"1588\" data-end=\"1868\">Fabriqu\u00e9e \u00e0 la main en cire de soja europ\u00e9enne et parfums de Grasse, garantis sans substances nocives (sans phtalates, CMR ni reprotoxiques), <strong data-start=\"1579\" data-end=\"1588\">WOW !<\/strong> est artisanale et rechargeable. Il suffit de remplacer la cire pour prolonger l\u2019exp\u00e9rience encore et encore.<\/p>\n<p><strong data-start=\"2019\" data-end=\"2042\">Dur\u00e9e de combustion<\/strong><\/p>\n<ul>\n<li data-start=\"2047\" data-end=\"2074\">100 g : environ 21 heures<\/li>\n<li data-start=\"2077\" data-end=\"2102\">280 g : environ 60 heures<\/li>\n<\/ul>\n<h3 data-start=\"2238\" data-end=\"2562\"><strong data-start=\"2238\" data-end=\"2280\">Compl\u00e9tez votre exp\u00e9rience sensorielle<\/strong><\/h3>\n<p class=\"\" data-start=\"2238\" data-end=\"2562\">D\u00e9couvrez le reste de la collection <strong data-start=\"206\" data-end=\"244\"><a href=\"https:\/\/www.novani.be\/index.php\/les-sensorielles\/\">Les Sensorielles<\/a><\/strong>\u00a0: des bougies aux parfums envo\u00fbtants, des objets faits main pour enrichir votre quotidien, et des playlists pour chaque moment. Laissez chaque bougie transformer votre maison en un lieu de d\u00e9tente, de plaisir et de l\u00e9g\u00e8ret\u00e9.<\/p>\n","protected":false},"excerpt":{"rendered":"<h3 class=\"\" data-start=\"140\" data-end=\"195\">Bougie WOW ! Ca sent le bonheur<\/h3>\n<p class=\"\" data-start=\"196\" data-end=\"234\"><strong data-start=\"196\" data-end=\"234\">Gamme exclusive &#8220;<a href=\"https:\/\/www.novani.be\/index.php\/les-sensorielles\/\">Les Sensorielles<\/a>&#8220;<\/strong><\/p>\n<p data-start=\"2169\" data-end=\"2456\">Avec <strong data-start=\"2174\" data-end=\"2183\">WOW !<\/strong>, respirez la l\u00e9g\u00e8ret\u00e9 d\u2019une journ\u00e9e parfaite. Un parfum floral et fruit\u00e9 qui m\u00eale la fra\u00eecheur de la bergamote, l\u2019\u00e9clat d\u2019un bouquet fleuri, la gourmandise de la framboise et la chaleur de l\u2019ambre. Une bougie solaire, \u00e9l\u00e9gante et joyeuse, comme un vrai rayon de bonheur.<\/p>\n<p class=\"\" data-start=\"589\" data-end=\"843\">Chaque bougie est fabriqu\u00e9e \u00e0 la main avec soin, en cire de soja europ\u00e9enne et des parfums de Grasse, sans substances nocives (sans phtalates, CMR ni reprotoxiques). Artisanale, sucr\u00e9e et pens\u00e9e pour offrir \u00e0 chaque instant un parfum d\u00e9licieux et joyeux.<\/p>\n<h3 data-start=\"856\" data-end=\"900\">Un parfum floral et fruit\u00e9<\/h3>\n<p data-start=\"837\" data-end=\"877\"><strong data-start=\"837\" data-end=\"860\">Famille olfactive :<\/strong> floral, fruit\u00e9<\/p>\n<ul>\n<li data-start=\"881\" data-end=\"925\"><strong data-start=\"881\" data-end=\"900\">Notes de t\u00eate :<\/strong> bergamote, poivre rose<\/li>\n<li data-start=\"928\" data-end=\"971\"><strong data-start=\"928\" data-end=\"947\">Notes de c\u0153ur :<\/strong> accord floral, cassis<\/li>\n<li data-start=\"974\" data-end=\"1012\"><strong data-start=\"974\" data-end=\"993\">Notes de fond :<\/strong> framboise, ambre<\/li>\n<\/ul>\n<p data-start=\"1014\" data-end=\"1092\">Un parfum vibrant qui respire la joie, la fra\u00eecheur et l\u2019\u00e9l\u00e9gance naturelle.<\/p>\n<p class=\"\" data-start=\"1017\" data-end=\"1177\">Un parfum gourmand et vibrant qui \u00e9voque la douceur des fruits rouges, la chaleur du caramel et la l\u00e9g\u00e8ret\u00e9 de la vanille, pour un instant sucr\u00e9 et inoubliable.<\/p>\n<h3 data-start=\"1573\" data-end=\"1598\"><strong data-start=\"1573\" data-end=\"1596\">Dur\u00e9e de combustion<\/strong><\/h3>\n<ul>\n<li data-start=\"1601\" data-end=\"1628\">100 g : environ 21 heures<\/li>\n<li data-start=\"1631\" data-end=\"1656\">280 g : environ 60 heures<\/li>\n<\/ul>\n<h3 data-start=\"1908\" data-end=\"2254\"><strong data-start=\"1908\" data-end=\"1950\">Compl\u00e9tez votre exp\u00e9rience sensorielle<\/strong><\/h3>\n<p class=\"\" data-start=\"1908\" data-end=\"2254\">Explorez toute la gamme <strong data-start=\"206\" data-end=\"244\"><a href=\"https:\/\/www.novani.be\/index.php\/les-sensorielles\/\">Les Sensorielles<\/a><\/strong>\u00a0: des bougies aux parfums captivants, des objets faits main pour enrichir votre quotidien, et des playlists qui accompagnent chaque humeur. Une invitation \u00e0 ralentir, \u00e0 savourer chaque instant, et \u00e0 cr\u00e9er une ambiance douce et accueillante dans votre maison.<\/p>\n","protected":false},"featured_media":5750,"comment_status":"closed","ping_status":"closed","template":"","meta":{"content-type":"","om_disable_all_campaigns":false,"_monsterinsights_skip_tracking":false,"_monsterinsights_sitenote_active":false,"_monsterinsights_sitenote_note":"","_monsterinsights_sitenote_category":0,"_uf_show_specific_survey":0,"_uf_disable_surveys":false,"ocean_post_layout":"","ocean_both_sidebars_style":"","ocean_both_sidebars_content_width":0,"ocean_both_sidebars_sidebars_width":0,"ocean_sidebar":"0","ocean_second_sidebar":"0","ocean_disable_margins":"enable","ocean_add_body_class":"","ocean_shortcode_before_top_bar":"","ocean_shortcode_after_top_bar":"","ocean_shortcode_before_header":"","ocean_shortcode_after_header":"","ocean_has_shortcode":"","ocean_shortcode_after_title":"","ocean_shortcode_before_footer_widgets":"","ocean_shortcode_after_footer_widgets":"","ocean_shortcode_before_footer_bottom":"","ocean_shortcode_after_footer_bottom":"","ocean_display_top_bar":"default","ocean_display_header":"default","ocean_header_style":"","ocean_center_header_left_menu":"0","ocean_custom_header_template":"0","ocean_custom_logo":0,"ocean_custom_retina_logo":0,"ocean_custom_logo_max_width":0,"ocean_custom_logo_tablet_max_width":0,"ocean_custom_logo_mobile_max_width":0,"ocean_custom_logo_max_height":0,"ocean_custom_logo_tablet_max_height":0,"ocean_custom_logo_mobile_max_height":0,"ocean_header_custom_menu":"0","ocean_menu_typo_font_family":"0","ocean_menu_typo_font_subset":"","ocean_menu_typo_font_size":0,"ocean_menu_typo_font_size_tablet":0,"ocean_menu_typo_font_size_mobile":0,"ocean_menu_typo_font_size_unit":"px","ocean_menu_typo_font_weight":"","ocean_menu_typo_font_weight_tablet":"","ocean_menu_typo_font_weight_mobile":"","ocean_menu_typo_transform":"","ocean_menu_typo_transform_tablet":"","ocean_menu_typo_transform_mobile":"","ocean_menu_typo_line_height":0,"ocean_menu_typo_line_height_tablet":0,"ocean_menu_typo_line_height_mobile":0,"ocean_menu_typo_line_height_unit":"","ocean_menu_typo_spacing":0,"ocean_menu_typo_spacing_tablet":0,"ocean_menu_typo_spacing_mobile":0,"ocean_menu_typo_spacing_unit":"","ocean_menu_link_color":"","ocean_menu_link_color_hover":"","ocean_menu_link_color_active":"","ocean_menu_link_background":"","ocean_menu_link_hover_background":"","ocean_menu_link_active_background":"","ocean_menu_social_links_bg":"","ocean_menu_social_hover_links_bg":"","ocean_menu_social_links_color":"","ocean_menu_social_hover_links_color":"","ocean_disable_title":"default","ocean_disable_heading":"default","ocean_post_title":"","ocean_post_subheading":"","ocean_post_title_style":"","ocean_post_title_background_color":"","ocean_post_title_background":0,"ocean_post_title_bg_image_position":"","ocean_post_title_bg_image_attachment":"","ocean_post_title_bg_image_repeat":"","ocean_post_title_bg_image_size":"","ocean_post_title_height":0,"ocean_post_title_bg_overlay":0.5,"ocean_post_title_bg_overlay_color":"","ocean_disable_breadcrumbs":"default","ocean_breadcrumbs_color":"","ocean_breadcrumbs_separator_color":"","ocean_breadcrumbs_links_color":"","ocean_breadcrumbs_links_hover_color":"","ocean_display_footer_widgets":"default","ocean_display_footer_bottom":"default","ocean_custom_footer_template":"0","ofc_meta_disable_footer_callout":"","ofc_meta_callout_button_url":"","ofc_meta_callout_button_txt":"","ofc_meta_callout_text":"","ofc_enable_fullscreen":"disable","ofc_fullscreen_speed":0,"ofc_fullscreen_nav":"enable","ofc_fullscreen_nav_pos":"right","ofc_fullscreen_nav_color":"","ofc_fullscreen_nav_tooltip_color":"","ofc_fullscreen_responsive":0,"osp_disable_panel":"default","osh_disable_topbar_sticky":"default","osh_disable_header_sticky":"default","osh_sticky_header_style":"default","osh_sticky_header_effect":"","osh_custom_sticky_logo":0,"osh_custom_retina_sticky_logo":0,"osh_custom_sticky_logo_height":0,"osh_background_color":"","osh_links_color":"","osh_links_hover_color":"","osh_links_active_color":"","osh_links_bg_color":"","osh_links_hover_bg_color":"","osh_links_active_bg_color":"","osh_menu_social_links_color":"","osh_menu_social_hover_links_color":""},"product_brand":[],"product_cat":[71,27,30,131],"product_tag":[66],"class_list":{"0":"post-5781","1":"product","2":"type-product","3":"status-publish","4":"has-post-thumbnail","6":"product_cat-bougies","7":"product_cat-la-boutique","8":"product_cat-les-parfumes","9":"product_cat-automne","10":"product_tag-bougies","12":"entry","13":"has-media","15":"first","16":"instock","17":"shipping-taxable","18":"purchasable","19":"product-type-variable","20":"wvs-archive-product-wrapper","21":"has-product-nav","22":"col","23":"span_1_of_4","24":"owp-content-center","25":"item-entry","26":"owp-thumbs-layout-vertical","27":"owp-btn-normal","28":"owp-tabs-layout-vertical","30":"circle-sale"},"aioseo_notices":[],"_links":{"self":[{"href":"https:\/\/www.novani.be\/index.php\/wp-json\/wp\/v2\/product\/5781","targetHints":{"allow":["GET"]}}],"collection":[{"href":"https:\/\/www.novani.be\/index.php\/wp-json\/wp\/v2\/product"}],"about":[{"href":"https:\/\/www.novani.be\/index.php\/wp-json\/wp\/v2\/types\/product"}],"replies":[{"embeddable":true,"href":"https:\/\/www.novani.be\/index.php\/wp-json\/wp\/v2\/comments?post=5781"}],"wp:featuredmedia":[{"embeddable":true,"href":"https:\/\/www.novani.be\/index.php\/wp-json\/wp\/v2\/media\/5750"}],"wp:attachment":[{"href":"https:\/\/www.novani.be\/index.php\/wp-json\/wp\/v2\/media?parent=5781"}],"wp:term":[{"taxonomy":"product_brand","embeddable":true,"href":"https:\/\/www.novani.be\/index.php\/wp-json\/wp\/v2\/product_brand?post=5781"},{"taxonomy":"product_cat","embeddable":true,"href":"https:\/\/www.novani.be\/index.php\/wp-json\/wp\/v2\/product_cat?post=5781"},{"taxonomy":"product_tag","embeddable":true,"href":"https:\/\/www.novani.be\/index.php\/wp-json\/wp\/v2\/product_tag?post=5781"}],"curies":[{"name":"wp","href":"https:\/\/api.w.org\/{rel}","templated":true}]}}