{"id":5779,"date":"2025-08-31T11:51:01","date_gmt":"2025-08-31T09:51:01","guid":{"rendered":"https:\/\/www.novani.be\/?post_type=product&#038;p=5779"},"modified":"2026-02-02T10:59:47","modified_gmt":"2026-02-02T09:59:47","slug":"les-sensorielles-pop-toujours-un-truc-a-feter","status":"publish","type":"product","link":"https:\/\/www.novani.be\/index.php\/produit\/les-sensorielles-pop-toujours-un-truc-a-feter\/","title":{"rendered":"LES SENSORIELLES \u00abPOP ! Toujours un truc \u00e0 f\u00eater \u00bb"},"content":{"rendered":"<h2 data-start=\"523\" data-end=\"578\"><strong data-start=\"527\" data-end=\"576\">Bougie POP ! Toujours un truc \u00e0 f\u00eater<\/strong><\/h2>\n<h3 data-start=\"579\" data-end=\"617\"><strong data-start=\"579\" data-end=\"617\">Gamme exclusive &#8220;Les Sensorielles&#8221;<\/strong><\/h3>\n<p data-start=\"188\" data-end=\"498\">Avec <strong data-start=\"193\" data-end=\"202\">POP !<\/strong>, j\u2019ai voulu cr\u00e9er une bougie qui respire la joie et l\u2019insouciance, comme un toast port\u00e9 \u00e0 la vie, m\u00eame en chaussettes dans le salon. Parce qu\u2019il y a toujours une bonne raison de sortir les paillettes, d\u2019ouvrir une bouteille de bulles\u2026 ou simplement d\u2019allumer une flamme qui illumine la soir\u00e9e.<\/p>\n<p data-start=\"500\" data-end=\"882\">Son parfum, <strong data-start=\"512\" data-end=\"531\">Bulles Festives<\/strong>, s\u2019ouvre sur des notes p\u00e9tillantes d\u2019orange et de fleurs blanches, aussi fra\u00eeches qu\u2019un \u00e9clat de rire. Le c\u0153ur fruit\u00e9 m\u00eale fraise et fruits rouges, \u00e9voquant la gourmandise et la spontan\u00e9it\u00e9 des instants partag\u00e9s. Enfin, le caramel et la fleur d\u2019oranger en fond apportent une rondeur sucr\u00e9e et \u00e9l\u00e9gante, comme la douceur qui suit les \u00e9clats de f\u00eate.<\/p>\n<p data-start=\"884\" data-end=\"982\">Une fragrance p\u00e9tillante et joyeuse, parfaite pour c\u00e9l\u00e9brer les petits comme les grands moments.<\/p>\n<h3 data-start=\"989\" data-end=\"1032\">Une fragrance p\u00e9tillante et gourmande<\/h3>\n<p data-start=\"1033\" data-end=\"1067\"><strong data-start=\"1033\" data-end=\"1056\">Famille olfactive :<\/strong> cocktail<\/p>\n<ul>\n<li data-start=\"1071\" data-end=\"1116\"><strong data-start=\"1071\" data-end=\"1090\">Notes de t\u00eate :<\/strong> orange, fleurs blanches<\/li>\n<li data-start=\"1119\" data-end=\"1162\"><strong data-start=\"1119\" data-end=\"1138\">Notes de c\u0153ur :<\/strong> fraise, fruits rouges<\/li>\n<li data-start=\"1165\" data-end=\"1211\"><strong data-start=\"1165\" data-end=\"1184\">Notes de fond :<\/strong> caramel, fleur d\u2019oranger<\/li>\n<\/ul>\n<p data-start=\"1213\" data-end=\"1313\">Un \u00e9quilibre entre fra\u00eecheur p\u00e9tillante et gourmandise sucr\u00e9e, pour un parfum qui respire la f\u00eate.<\/p>\n<h3 data-start=\"1320\" data-end=\"1359\">Une playlist pour c\u00e9l\u00e9brer la vie<\/h3>\n<p data-start=\"1360\" data-end=\"1573\">Allumez <strong data-start=\"1368\" data-end=\"1377\">POP !<\/strong> et laissez-vous emporter par une playlist festive et l\u00e9g\u00e8re. Des morceaux qui donnent envie de trinquer, de danser ou de rire aux \u00e9clats. M\u00eame sans talons ni champagne, l\u2019ambiance est garantie.<\/p>\n<h3 data-start=\"1580\" data-end=\"1612\">\u00c9cologique et rechargeable<\/h3>\n<p data-start=\"1613\" data-end=\"1855\">Fabriqu\u00e9e \u00e0 la main en cire de soja europ\u00e9enne et parfums de Grasse, sans substances nocives (sans phtalates, CMR ni reprotoxiques), <strong data-start=\"1746\" data-end=\"1755\">POP !<\/strong> est artisanale, \u00e9cologique et rechargeable. Une mani\u00e8re durable de prolonger vos moments de f\u00eate.<\/p>\n<p><strong data-start=\"2019\" data-end=\"2042\">Dur\u00e9e de combustion<\/strong><\/p>\n<ul>\n<li data-start=\"2047\" data-end=\"2074\">100 g : environ 21 heures<\/li>\n<li data-start=\"2077\" data-end=\"2102\">280 g : environ 60 heures<\/li>\n<\/ul>\n<h3 data-start=\"2238\" data-end=\"2562\"><strong data-start=\"2238\" data-end=\"2280\">Compl\u00e9tez votre exp\u00e9rience sensorielle<\/strong><\/h3>\n<p class=\"\" data-start=\"2238\" data-end=\"2562\">D\u00e9couvrez le reste de la collection <strong data-start=\"206\" data-end=\"244\"><a href=\"https:\/\/www.novani.be\/index.php\/les-sensorielles\/\">Les Sensorielles<\/a><\/strong>\u00a0: des bougies aux parfums envo\u00fbtants, des objets faits main pour enrichir votre quotidien, et des playlists pour chaque moment. Laissez chaque bougie transformer votre maison en un lieu de d\u00e9tente, de plaisir et de l\u00e9g\u00e8ret\u00e9.<\/p>\n","protected":false},"excerpt":{"rendered":"<h3 class=\"\" data-start=\"140\" data-end=\"195\">Bougie POP ! Toujours un truc \u00e0 f\u00eater<\/h3>\n<p class=\"\" data-start=\"196\" data-end=\"234\"><strong data-start=\"196\" data-end=\"234\">Gamme exclusive &#8220;<a href=\"https:\/\/www.novani.be\/index.php\/les-sensorielles\/\">Les Sensorielles<\/a>&#8220;<\/strong><\/p>\n<p class=\"\" data-start=\"135\" data-end=\"587\">Avec <strong data-start=\"2313\" data-end=\"2322\">POP !<\/strong>, c\u00e9l\u00e9brez la vie \u00e0 chaque allumage : orange p\u00e9tillante, c\u0153ur fruit\u00e9 de fraise et fruits rouges, et douceur finale de caramel et fleur d\u2019oranger. Une bougie festive et gourmande, parfaite pour transformer le quotidien en f\u00eate..<\/p>\n<h3 data-start=\"1573\" data-end=\"1598\"><strong data-start=\"1573\" data-end=\"1596\">Dur\u00e9e de combustion<\/strong><\/h3>\n<ul>\n<li data-start=\"1601\" data-end=\"1628\">100 g : environ 21 heures<\/li>\n<li data-start=\"1631\" data-end=\"1656\">280 g : environ 60 heures<\/li>\n<\/ul>\n<h3 data-start=\"989\" data-end=\"1032\">Une fragrance p\u00e9tillante et gourmande<\/h3>\n<ul>\n<li data-start=\"1071\" data-end=\"1116\"><strong data-start=\"1071\" data-end=\"1090\">Notes de t\u00eate :<\/strong> orange, fleurs blanches<\/li>\n<li data-start=\"1119\" data-end=\"1162\"><strong data-start=\"1119\" data-end=\"1138\">Notes de c\u0153ur :<\/strong> fraise, fruits rouges<\/li>\n<li data-start=\"1165\" data-end=\"1211\"><strong data-start=\"1165\" data-end=\"1184\">Notes de fond :<\/strong> caramel, fleur d\u2019oranger<\/li>\n<\/ul>\n<h3 data-start=\"1908\" data-end=\"2254\"><strong data-start=\"1908\" data-end=\"1950\">Compl\u00e9tez votre exp\u00e9rience sensorielle<\/strong><\/h3>\n<p class=\"\" data-start=\"1908\" data-end=\"2254\">Explorez toute la gamme <strong data-start=\"206\" data-end=\"244\"><a href=\"https:\/\/www.novani.be\/index.php\/les-sensorielles\/\">Les Sensorielles<\/a><\/strong>\u00a0: des bougies aux parfums captivants, des objets faits main pour enrichir votre quotidien, et des playlists qui accompagnent chaque humeur. Une invitation \u00e0 ralentir, \u00e0 savourer chaque instant, et \u00e0 cr\u00e9er une ambiance douce et accueillante dans votre maison.<\/p>\n","protected":false},"featured_media":5749,"comment_status":"closed","ping_status":"closed","template":"","meta":{"content-type":"","om_disable_all_campaigns":false,"_monsterinsights_skip_tracking":false,"_monsterinsights_sitenote_active":false,"_monsterinsights_sitenote_note":"","_monsterinsights_sitenote_category":0,"_uf_show_specific_survey":0,"_uf_disable_surveys":false,"ocean_post_layout":"","ocean_both_sidebars_style":"","ocean_both_sidebars_content_width":0,"ocean_both_sidebars_sidebars_width":0,"ocean_sidebar":"0","ocean_second_sidebar":"0","ocean_disable_margins":"enable","ocean_add_body_class":"","ocean_shortcode_before_top_bar":"","ocean_shortcode_after_top_bar":"","ocean_shortcode_before_header":"","ocean_shortcode_after_header":"","ocean_has_shortcode":"","ocean_shortcode_after_title":"","ocean_shortcode_before_footer_widgets":"","ocean_shortcode_after_footer_widgets":"","ocean_shortcode_before_footer_bottom":"","ocean_shortcode_after_footer_bottom":"","ocean_display_top_bar":"default","ocean_display_header":"default","ocean_header_style":"","ocean_center_header_left_menu":"0","ocean_custom_header_template":"0","ocean_custom_logo":0,"ocean_custom_retina_logo":0,"ocean_custom_logo_max_width":0,"ocean_custom_logo_tablet_max_width":0,"ocean_custom_logo_mobile_max_width":0,"ocean_custom_logo_max_height":0,"ocean_custom_logo_tablet_max_height":0,"ocean_custom_logo_mobile_max_height":0,"ocean_header_custom_menu":"0","ocean_menu_typo_font_family":"0","ocean_menu_typo_font_subset":"","ocean_menu_typo_font_size":0,"ocean_menu_typo_font_size_tablet":0,"ocean_menu_typo_font_size_mobile":0,"ocean_menu_typo_font_size_unit":"px","ocean_menu_typo_font_weight":"","ocean_menu_typo_font_weight_tablet":"","ocean_menu_typo_font_weight_mobile":"","ocean_menu_typo_transform":"","ocean_menu_typo_transform_tablet":"","ocean_menu_typo_transform_mobile":"","ocean_menu_typo_line_height":0,"ocean_menu_typo_line_height_tablet":0,"ocean_menu_typo_line_height_mobile":0,"ocean_menu_typo_line_height_unit":"","ocean_menu_typo_spacing":0,"ocean_menu_typo_spacing_tablet":0,"ocean_menu_typo_spacing_mobile":0,"ocean_menu_typo_spacing_unit":"","ocean_menu_link_color":"","ocean_menu_link_color_hover":"","ocean_menu_link_color_active":"","ocean_menu_link_background":"","ocean_menu_link_hover_background":"","ocean_menu_link_active_background":"","ocean_menu_social_links_bg":"","ocean_menu_social_hover_links_bg":"","ocean_menu_social_links_color":"","ocean_menu_social_hover_links_color":"","ocean_disable_title":"default","ocean_disable_heading":"default","ocean_post_title":"","ocean_post_subheading":"","ocean_post_title_style":"","ocean_post_title_background_color":"","ocean_post_title_background":0,"ocean_post_title_bg_image_position":"","ocean_post_title_bg_image_attachment":"","ocean_post_title_bg_image_repeat":"","ocean_post_title_bg_image_size":"","ocean_post_title_height":0,"ocean_post_title_bg_overlay":0.5,"ocean_post_title_bg_overlay_color":"","ocean_disable_breadcrumbs":"default","ocean_breadcrumbs_color":"","ocean_breadcrumbs_separator_color":"","ocean_breadcrumbs_links_color":"","ocean_breadcrumbs_links_hover_color":"","ocean_display_footer_widgets":"default","ocean_display_footer_bottom":"default","ocean_custom_footer_template":"0","ofc_meta_disable_footer_callout":"","ofc_meta_callout_button_url":"","ofc_meta_callout_button_txt":"","ofc_meta_callout_text":"","ofc_enable_fullscreen":"disable","ofc_fullscreen_speed":0,"ofc_fullscreen_nav":"enable","ofc_fullscreen_nav_pos":"right","ofc_fullscreen_nav_color":"","ofc_fullscreen_nav_tooltip_color":"","ofc_fullscreen_responsive":0,"osp_disable_panel":"default","osh_disable_topbar_sticky":"default","osh_disable_header_sticky":"default","osh_sticky_header_style":"default","osh_sticky_header_effect":"","osh_custom_sticky_logo":0,"osh_custom_retina_sticky_logo":0,"osh_custom_sticky_logo_height":0,"osh_background_color":"","osh_links_color":"","osh_links_hover_color":"","osh_links_active_color":"","osh_links_bg_color":"","osh_links_hover_bg_color":"","osh_links_active_bg_color":"","osh_menu_social_links_color":"","osh_menu_social_hover_links_color":""},"product_brand":[],"product_cat":[71,27,30,133],"product_tag":[66],"class_list":{"0":"post-5779","1":"product","2":"type-product","3":"status-publish","4":"has-post-thumbnail","6":"product_cat-bougies","7":"product_cat-la-boutique","8":"product_cat-les-parfumes","9":"product_cat-noel","10":"product_tag-bougies","12":"entry","13":"has-media","15":"first","16":"instock","17":"shipping-taxable","18":"purchasable","19":"product-type-variable","20":"wvs-archive-product-wrapper","21":"has-product-nav","22":"col","23":"span_1_of_4","24":"owp-content-center","25":"item-entry","26":"owp-thumbs-layout-vertical","27":"owp-btn-normal","28":"owp-tabs-layout-vertical","30":"circle-sale"},"aioseo_notices":[],"_links":{"self":[{"href":"https:\/\/www.novani.be\/index.php\/wp-json\/wp\/v2\/product\/5779","targetHints":{"allow":["GET"]}}],"collection":[{"href":"https:\/\/www.novani.be\/index.php\/wp-json\/wp\/v2\/product"}],"about":[{"href":"https:\/\/www.novani.be\/index.php\/wp-json\/wp\/v2\/types\/product"}],"replies":[{"embeddable":true,"href":"https:\/\/www.novani.be\/index.php\/wp-json\/wp\/v2\/comments?post=5779"}],"wp:featuredmedia":[{"embeddable":true,"href":"https:\/\/www.novani.be\/index.php\/wp-json\/wp\/v2\/media\/5749"}],"wp:attachment":[{"href":"https:\/\/www.novani.be\/index.php\/wp-json\/wp\/v2\/media?parent=5779"}],"wp:term":[{"taxonomy":"product_brand","embeddable":true,"href":"https:\/\/www.novani.be\/index.php\/wp-json\/wp\/v2\/product_brand?post=5779"},{"taxonomy":"product_cat","embeddable":true,"href":"https:\/\/www.novani.be\/index.php\/wp-json\/wp\/v2\/product_cat?post=5779"},{"taxonomy":"product_tag","embeddable":true,"href":"https:\/\/www.novani.be\/index.php\/wp-json\/wp\/v2\/product_tag?post=5779"}],"curies":[{"name":"wp","href":"https:\/\/api.w.org\/{rel}","templated":true}]}}