{"id":5777,"date":"2025-08-31T11:51:01","date_gmt":"2025-08-31T09:51:01","guid":{"rendered":"https:\/\/www.novani.be\/?post_type=product&#038;p=5777"},"modified":"2026-02-02T10:59:53","modified_gmt":"2026-02-02T09:59:53","slug":"les-sensorielles-aah-cest-lete-indien","status":"publish","type":"product","link":"https:\/\/www.novani.be\/index.php\/produit\/les-sensorielles-aah-cest-lete-indien\/","title":{"rendered":"LES SENSORIELLES \u00abAAH ! C&#8217;est l&#8217;\u00e9t\u00e9 indien \u00bb"},"content":{"rendered":"<h2 data-start=\"523\" data-end=\"578\"><strong data-start=\"527\" data-end=\"576\">Bougie AAH ! C&#8217;est l&#8217;\u00e9t\u00e9 indien<\/strong><\/h2>\n<h3 data-start=\"579\" data-end=\"617\"><strong data-start=\"579\" data-end=\"617\">Gamme exclusive &#8220;Les Sensorielles&#8221;<\/strong><\/h3>\n<p data-start=\"182\" data-end=\"469\">Avec <strong data-start=\"187\" data-end=\"196\">AAH !<\/strong>, j\u2019ai voulu capter cette sensation \u00e9trange mais d\u00e9licieuse de l\u2019\u00e9t\u00e9 indien : ce moment o\u00f9 l\u2019on enfile un pull tout en gardant ses tongs, quand l\u2019\u00e9t\u00e9 joue encore un peu avec l\u2019automne. Une bougie qui incarne cette douceur ensoleill\u00e9e, lumineuse et l\u00e9g\u00e8rement nostalgique.<\/p>\n<p data-start=\"471\" data-end=\"898\">Son parfum, <strong data-start=\"483\" data-end=\"504\">P\u00e9tales d\u2019Oranger<\/strong>, d\u00e9voile une ouverture p\u00e9tillante de petit grain, mandarine et bergamote. Puis viennent la fleur d\u2019oranger et le n\u00e9roli, solaires et d\u00e9licats, qui apportent toute la tendresse m\u00e9diterran\u00e9enne. En fond, un accord poudr\u00e9 et musqu\u00e9 enveloppe l\u2019ensemble dans une atmosph\u00e8re raffin\u00e9e et apaisante. Un parfum lumineux et raffin\u00e9, comme un rayon de soleil persistant dans la fra\u00eecheur de l\u2019automne.<\/p>\n<h3 data-start=\"905\" data-end=\"944\">Une fragrance solaire et raffin\u00e9e<\/h3>\n<p data-start=\"945\" data-end=\"996\"><strong data-start=\"945\" data-end=\"968\">Famille olfactive :<\/strong> orang\u00e9e, musqu\u00e9e, florale<\/p>\n<ul>\n<li data-start=\"1000\" data-end=\"1055\"><strong data-start=\"1000\" data-end=\"1019\">Notes de t\u00eate :<\/strong> petit grain, mandarine, bergamote<\/li>\n<li data-start=\"1058\" data-end=\"1103\"><strong data-start=\"1058\" data-end=\"1077\">Notes de c\u0153ur :<\/strong> fleur d\u2019oranger, n\u00e9roli<\/li>\n<li data-start=\"1106\" data-end=\"1147\"><strong data-start=\"1106\" data-end=\"1125\">Notes de fond :<\/strong> accord poudr\u00e9, musc<\/li>\n<\/ul>\n<p data-start=\"1149\" data-end=\"1228\">Un \u00e9quilibre subtil entre fra\u00eecheur, douceur florale et chaleur enveloppante.<\/p>\n<h3 data-start=\"1235\" data-end=\"1278\">Une playlist pour savourer la lumi\u00e8re<\/h3>\n<p data-start=\"1279\" data-end=\"1526\">En allumant <strong data-start=\"1291\" data-end=\"1300\">AAH !<\/strong>, une playlist douce et solaire vous accompagne, parfaite pour prolonger les beaux jours, lire sur la terrasse ou profiter d\u2019un dimanche paresseux. Elle prolonge l\u2019\u00e9t\u00e9, tout en pr\u00e9parant \u00e0 accueillir l\u2019automne avec s\u00e9r\u00e9nit\u00e9.<\/p>\n<h3 data-start=\"1555\" data-end=\"1587\">\u00c9cologique et rechargeable<\/h3>\n<p data-start=\"1566\" data-end=\"1825\">Fabriqu\u00e9e \u00e0 la main en cire de soja europ\u00e9enne et parfums de Grasse (sans phtalates, CMR ni reprotoxiques), <strong data-start=\"1674\" data-end=\"1683\">AAH !<\/strong> est 100 % artisanale et rechargeable. Ramenez votre contenant ou rechargez-le facilement chez vous pour prolonger ce petit rayon de soleil.<\/p>\n<p><strong data-start=\"2019\" data-end=\"2042\">Dur\u00e9e de combustion<\/strong><\/p>\n<ul>\n<li data-start=\"2047\" data-end=\"2074\">100 g : environ 21 heures<\/li>\n<li data-start=\"2077\" data-end=\"2102\">280 g : environ 60 heures<\/li>\n<\/ul>\n<h3 data-start=\"2238\" data-end=\"2562\"><strong data-start=\"2238\" data-end=\"2280\">Compl\u00e9tez votre exp\u00e9rience sensorielle<\/strong><\/h3>\n<p class=\"\" data-start=\"2238\" data-end=\"2562\">D\u00e9couvrez le reste de la collection <strong data-start=\"206\" data-end=\"244\"><a href=\"https:\/\/www.novani.be\/index.php\/les-sensorielles\/\">Les Sensorielles<\/a><\/strong>\u00a0: des bougies aux parfums envo\u00fbtants, des objets faits main pour enrichir votre quotidien, et des playlists pour chaque moment. Laissez chaque bougie transformer votre maison en un lieu de d\u00e9tente, de plaisir et de l\u00e9g\u00e8ret\u00e9.<\/p>\n","protected":false},"excerpt":{"rendered":"<h3 class=\"\" data-start=\"140\" data-end=\"195\">Bougie AAH ! C&#8217;est l&#8217;\u00e9t\u00e9 indien<\/h3>\n<p class=\"\" data-start=\"196\" data-end=\"234\"><strong data-start=\"196\" data-end=\"234\">Gamme exclusive &#8220;<a href=\"https:\/\/www.novani.be\/index.php\/les-sensorielles\/\">Les Sensorielles<\/a>&#8220;<\/strong><\/p>\n<p class=\"\" data-start=\"135\" data-end=\"587\">Avec <strong data-start=\"2241\" data-end=\"2250\">AAH !<\/strong>, retrouvez la douceur lumineuse de l\u2019\u00e9t\u00e9 indien : la fra\u00eecheur p\u00e9tillante de la bergamote et de la mandarine, la tendresse de la fleur d\u2019oranger et du n\u00e9roli, et la chaleur poudr\u00e9e du musc. Une bougie solaire, raffin\u00e9e et apaisante, comme ce moment suspendu o\u00f9 l\u2019\u00e9t\u00e9 flirte encore avec l\u2019automne.<\/p>\n<h3 data-start=\"905\" data-end=\"944\">Une fragrance solaire et raffin\u00e9e<\/h3>\n<p data-start=\"945\" data-end=\"996\"><strong data-start=\"945\" data-end=\"968\">Famille olfactive :<\/strong> orang\u00e9e, musqu\u00e9e, florale<\/p>\n<ul>\n<li data-start=\"1000\" data-end=\"1055\"><strong data-start=\"1000\" data-end=\"1019\">Notes de t\u00eate :<\/strong> petit grain, mandarine, bergamote<\/li>\n<li data-start=\"1058\" data-end=\"1103\"><strong data-start=\"1058\" data-end=\"1077\">Notes de c\u0153ur :<\/strong> fleur d\u2019oranger, n\u00e9roli<\/li>\n<li data-start=\"1106\" data-end=\"1147\"><strong data-start=\"1106\" data-end=\"1125\">Notes de fond :<\/strong> accord poudr\u00e9, musc<\/li>\n<\/ul>\n<p data-start=\"1149\" data-end=\"1228\">Un \u00e9quilibre subtil entre fra\u00eecheur, douceur florale et chaleur enveloppante.<\/p>\n<h3 data-start=\"1573\" data-end=\"1598\"><strong data-start=\"1573\" data-end=\"1596\">Dur\u00e9e de combustion<\/strong><\/h3>\n<ul>\n<li data-start=\"1601\" data-end=\"1628\">100 g : environ 21 heures<\/li>\n<li data-start=\"1631\" data-end=\"1656\">280 g : environ 60 heures<\/li>\n<\/ul>\n<h3 data-start=\"1908\" data-end=\"2254\"><strong data-start=\"1908\" data-end=\"1950\">Compl\u00e9tez votre exp\u00e9rience sensorielle<\/strong><\/h3>\n<p class=\"\" data-start=\"1908\" data-end=\"2254\">Explorez toute la gamme <strong data-start=\"206\" data-end=\"244\"><a href=\"https:\/\/www.novani.be\/index.php\/les-sensorielles\/\">Les Sensorielles<\/a><\/strong>\u00a0: des bougies aux parfums captivants, des objets faits main pour enrichir votre quotidien, et des playlists qui accompagnent chaque humeur. Une invitation \u00e0 ralentir, \u00e0 savourer chaque instant, et \u00e0 cr\u00e9er une ambiance douce et accueillante dans votre maison.<\/p>\n","protected":false},"featured_media":5746,"comment_status":"closed","ping_status":"closed","template":"","meta":{"content-type":"","om_disable_all_campaigns":false,"_monsterinsights_skip_tracking":false,"_monsterinsights_sitenote_active":false,"_monsterinsights_sitenote_note":"","_monsterinsights_sitenote_category":0,"_uf_show_specific_survey":0,"_uf_disable_surveys":false,"ocean_post_layout":"","ocean_both_sidebars_style":"","ocean_both_sidebars_content_width":0,"ocean_both_sidebars_sidebars_width":0,"ocean_sidebar":"0","ocean_second_sidebar":"0","ocean_disable_margins":"enable","ocean_add_body_class":"","ocean_shortcode_before_top_bar":"","ocean_shortcode_after_top_bar":"","ocean_shortcode_before_header":"","ocean_shortcode_after_header":"","ocean_has_shortcode":"","ocean_shortcode_after_title":"","ocean_shortcode_before_footer_widgets":"","ocean_shortcode_after_footer_widgets":"","ocean_shortcode_before_footer_bottom":"","ocean_shortcode_after_footer_bottom":"","ocean_display_top_bar":"default","ocean_display_header":"default","ocean_header_style":"","ocean_center_header_left_menu":"0","ocean_custom_header_template":"0","ocean_custom_logo":0,"ocean_custom_retina_logo":0,"ocean_custom_logo_max_width":0,"ocean_custom_logo_tablet_max_width":0,"ocean_custom_logo_mobile_max_width":0,"ocean_custom_logo_max_height":0,"ocean_custom_logo_tablet_max_height":0,"ocean_custom_logo_mobile_max_height":0,"ocean_header_custom_menu":"0","ocean_menu_typo_font_family":"0","ocean_menu_typo_font_subset":"","ocean_menu_typo_font_size":0,"ocean_menu_typo_font_size_tablet":0,"ocean_menu_typo_font_size_mobile":0,"ocean_menu_typo_font_size_unit":"px","ocean_menu_typo_font_weight":"","ocean_menu_typo_font_weight_tablet":"","ocean_menu_typo_font_weight_mobile":"","ocean_menu_typo_transform":"","ocean_menu_typo_transform_tablet":"","ocean_menu_typo_transform_mobile":"","ocean_menu_typo_line_height":0,"ocean_menu_typo_line_height_tablet":0,"ocean_menu_typo_line_height_mobile":0,"ocean_menu_typo_line_height_unit":"","ocean_menu_typo_spacing":0,"ocean_menu_typo_spacing_tablet":0,"ocean_menu_typo_spacing_mobile":0,"ocean_menu_typo_spacing_unit":"","ocean_menu_link_color":"","ocean_menu_link_color_hover":"","ocean_menu_link_color_active":"","ocean_menu_link_background":"","ocean_menu_link_hover_background":"","ocean_menu_link_active_background":"","ocean_menu_social_links_bg":"","ocean_menu_social_hover_links_bg":"","ocean_menu_social_links_color":"","ocean_menu_social_hover_links_color":"","ocean_disable_title":"default","ocean_disable_heading":"default","ocean_post_title":"","ocean_post_subheading":"","ocean_post_title_style":"","ocean_post_title_background_color":"","ocean_post_title_background":0,"ocean_post_title_bg_image_position":"","ocean_post_title_bg_image_attachment":"","ocean_post_title_bg_image_repeat":"","ocean_post_title_bg_image_size":"","ocean_post_title_height":0,"ocean_post_title_bg_overlay":0.5,"ocean_post_title_bg_overlay_color":"","ocean_disable_breadcrumbs":"default","ocean_breadcrumbs_color":"","ocean_breadcrumbs_separator_color":"","ocean_breadcrumbs_links_color":"","ocean_breadcrumbs_links_hover_color":"","ocean_display_footer_widgets":"default","ocean_display_footer_bottom":"default","ocean_custom_footer_template":"0","ofc_meta_disable_footer_callout":"","ofc_meta_callout_button_url":"","ofc_meta_callout_button_txt":"","ofc_meta_callout_text":"","ofc_enable_fullscreen":"disable","ofc_fullscreen_speed":0,"ofc_fullscreen_nav":"enable","ofc_fullscreen_nav_pos":"right","ofc_fullscreen_nav_color":"","ofc_fullscreen_nav_tooltip_color":"","ofc_fullscreen_responsive":0,"osp_disable_panel":"default","osh_disable_topbar_sticky":"default","osh_disable_header_sticky":"default","osh_sticky_header_style":"default","osh_sticky_header_effect":"","osh_custom_sticky_logo":0,"osh_custom_retina_sticky_logo":0,"osh_custom_sticky_logo_height":0,"osh_background_color":"","osh_links_color":"","osh_links_hover_color":"","osh_links_active_color":"","osh_links_bg_color":"","osh_links_hover_bg_color":"","osh_links_active_bg_color":"","osh_menu_social_links_color":"","osh_menu_social_hover_links_color":""},"product_brand":[],"product_cat":[71,27,30,131],"product_tag":[66],"class_list":{"0":"post-5777","1":"product","2":"type-product","3":"status-publish","4":"has-post-thumbnail","6":"product_cat-bougies","7":"product_cat-la-boutique","8":"product_cat-les-parfumes","9":"product_cat-automne","10":"product_tag-bougies","12":"entry","13":"has-media","15":"first","16":"instock","17":"shipping-taxable","18":"purchasable","19":"product-type-variable","20":"wvs-archive-product-wrapper","21":"has-product-nav","22":"col","23":"span_1_of_4","24":"owp-content-center","25":"item-entry","26":"owp-thumbs-layout-vertical","27":"owp-btn-normal","28":"owp-tabs-layout-vertical","30":"circle-sale"},"aioseo_notices":[],"_links":{"self":[{"href":"https:\/\/www.novani.be\/index.php\/wp-json\/wp\/v2\/product\/5777","targetHints":{"allow":["GET"]}}],"collection":[{"href":"https:\/\/www.novani.be\/index.php\/wp-json\/wp\/v2\/product"}],"about":[{"href":"https:\/\/www.novani.be\/index.php\/wp-json\/wp\/v2\/types\/product"}],"replies":[{"embeddable":true,"href":"https:\/\/www.novani.be\/index.php\/wp-json\/wp\/v2\/comments?post=5777"}],"wp:featuredmedia":[{"embeddable":true,"href":"https:\/\/www.novani.be\/index.php\/wp-json\/wp\/v2\/media\/5746"}],"wp:attachment":[{"href":"https:\/\/www.novani.be\/index.php\/wp-json\/wp\/v2\/media?parent=5777"}],"wp:term":[{"taxonomy":"product_brand","embeddable":true,"href":"https:\/\/www.novani.be\/index.php\/wp-json\/wp\/v2\/product_brand?post=5777"},{"taxonomy":"product_cat","embeddable":true,"href":"https:\/\/www.novani.be\/index.php\/wp-json\/wp\/v2\/product_cat?post=5777"},{"taxonomy":"product_tag","embeddable":true,"href":"https:\/\/www.novani.be\/index.php\/wp-json\/wp\/v2\/product_tag?post=5777"}],"curies":[{"name":"wp","href":"https:\/\/api.w.org\/{rel}","templated":true}]}}