{"id":5774,"date":"2025-08-31T11:51:00","date_gmt":"2025-08-31T09:51:00","guid":{"rendered":"https:\/\/www.novani.be\/?post_type=product&#038;p=5774"},"modified":"2026-02-23T22:47:31","modified_gmt":"2026-02-23T21:47:31","slug":"les-sensorielles-hmm-au-chaud-sous-la-couette","status":"publish","type":"product","link":"https:\/\/www.novani.be\/index.php\/produit\/les-sensorielles-hmm-au-chaud-sous-la-couette\/","title":{"rendered":"\u00abHMM ! Au chaud sous la couette \u00bb (Parfum bois de oud)"},"content":{"rendered":"<h2 data-start=\"523\" data-end=\"578\"><strong data-start=\"527\" data-end=\"576\">Bougie HMM ! Au chaud sous la couette<\/strong><\/h2>\n<h3 data-start=\"579\" data-end=\"617\"><strong data-start=\"579\" data-end=\"617\">Gamme exclusive &#8220;Les Sensorielles&#8221;<\/strong><\/h3>\n<p data-start=\"188\" data-end=\"458\">Avec <strong data-start=\"193\" data-end=\"202\">HMM !<\/strong>, j\u2019ai voulu capturer cette atmosph\u00e8re intime et feutr\u00e9e des soirs d\u2019hiver : quand on s\u2019enfouit sous la couette, que le monde ext\u00e9rieur dispara\u00eet, et qu\u2019il ne reste plus que des murmures, des rires \u00e9touff\u00e9s et la chaleur r\u00e9confortante du feu qui cr\u00e9pite.<\/p>\n<p data-start=\"460\" data-end=\"791\">Son parfum, <strong data-start=\"472\" data-end=\"487\">Bois de Oud<\/strong>, est un v\u00e9ritable voyage sensoriel. L\u2019ouverture \u00e9pic\u00e9e de la cardamome et du c\u00e8dre marocain \u00e9veille les sens, avant de c\u00e9der la place \u00e0 un c\u0153ur riche et envo\u00fbtant d\u2019oud et de bois de cachemire. Enfin, le musc et l\u2019ambre viennent enrober l\u2019ensemble d\u2019une profondeur velout\u00e9e, sensuelle et enveloppante.<\/p>\n<p data-start=\"793\" data-end=\"928\">Un parfum bois\u00e9 et oriental, \u00e0 la fois myst\u00e9rieux et apaisant, qui invite \u00e0 ralentir, \u00e0 se recentrer et \u00e0 savourer l\u2019instant pr\u00e9sent.<\/p>\n<h3 data-start=\"935\" data-end=\"975\">Une fragrance bois\u00e9e et envo\u00fbtante<\/h3>\n<p data-start=\"976\" data-end=\"1017\"><strong data-start=\"976\" data-end=\"999\">Famille olfactive :<\/strong> bois\u00e9, oriental<\/p>\n<ul>\n<li data-start=\"1021\" data-end=\"1068\"><strong data-start=\"1021\" data-end=\"1040\">Notes de t\u00eate :<\/strong> cardamome, c\u00e8dre du Maroc<\/li>\n<li data-start=\"1071\" data-end=\"1115\"><strong data-start=\"1071\" data-end=\"1090\">Notes de c\u0153ur :<\/strong> oud, bois de cachemire<\/li>\n<li data-start=\"1118\" data-end=\"1151\"><strong data-start=\"1118\" data-end=\"1137\">Notes de fond :<\/strong> musc, ambre<\/li>\n<\/ul>\n<p>Un \u00e9quilibre profond entre \u00e9pices, bois pr\u00e9cieux et chaleur ambr\u00e9e.<\/p>\n<h3 data-start=\"1229\" data-end=\"1263\">Une playlist pour se blottir<\/h3>\n<p data-start=\"1264\" data-end=\"1497\">Allumez <strong data-start=\"1272\" data-end=\"1281\">HMM !<\/strong> et plongez dans une ambiance intime et feutr\u00e9e gr\u00e2ce \u00e0 une playlist douce, r\u00e9confortante et l\u00e9g\u00e8rement myst\u00e9rieuse. Parfaite pour une soir\u00e9e au coin du feu, des confidences chuchot\u00e9es ou un moment de calme absolu.<\/p>\n<h3 data-start=\"1555\" data-end=\"1587\">\u00c9cologique et rechargeable<\/h3>\n<p data-start=\"1588\" data-end=\"1868\">Fabriqu\u00e9e \u00e0 la main en cire de soja europ\u00e9enne et parfums de Grasse (sans phtalates, CMR ni reprotoxiques), <strong data-start=\"1645\" data-end=\"1654\">HMM !<\/strong> est 100 % artisanale et rechargeable. Parce que prendre soin de soi va de pair avec prendre soin de la plan\u00e8te.<\/p>\n<p><strong data-start=\"2019\" data-end=\"2042\">Dur\u00e9e de combustion<\/strong><\/p>\n<ul>\n<li data-start=\"2047\" data-end=\"2074\">100 g : environ 21 heures<\/li>\n<li data-start=\"2077\" data-end=\"2102\">280 g : environ 60 heures<\/li>\n<\/ul>\n<h3 data-start=\"2238\" data-end=\"2562\"><strong data-start=\"2238\" data-end=\"2280\">Compl\u00e9tez votre exp\u00e9rience sensorielle<\/strong><\/h3>\n<p class=\"\" data-start=\"2238\" data-end=\"2562\">D\u00e9couvrez le reste de la collection <strong data-start=\"206\" data-end=\"244\"><a href=\"https:\/\/www.novani.be\/index.php\/les-sensorielles\/\">Les Sensorielles<\/a><\/strong>\u00a0: des bougies aux parfums envo\u00fbtants, des objets faits main pour enrichir votre quotidien, et des playlists pour chaque moment. Laissez chaque bougie transformer votre maison en un lieu de d\u00e9tente, de plaisir et de l\u00e9g\u00e8ret\u00e9.<\/p>\n","protected":false},"excerpt":{"rendered":"<h3 class=\"\" data-start=\"140\" data-end=\"195\">Bougie HMM ! Au chaud sous la couette<\/h3>\n<p class=\"\" data-start=\"196\" data-end=\"234\"><strong data-start=\"196\" data-end=\"234\">Gamme exclusive &#8220;<a href=\"https:\/\/www.novani.be\/index.php\/les-sensorielles\/\">Les Sensorielles<\/a>&#8220;<\/strong><\/p>\n<p class=\"\" data-start=\"135\" data-end=\"587\">Avec <strong data-start=\"2243\" data-end=\"2252\">HMM !<\/strong>, savourez l\u2019intimit\u00e9 d\u2019un parfum bois\u00e9 et oriental : cardamome \u00e9pic\u00e9e, c\u0153ur d\u2019oud et de bois de cachemire, profondeur sensuelle du musc et de l\u2019ambre. Une bougie myst\u00e9rieuse et r\u00e9confortante, comme un secret chuchot\u00e9 au coin du feu.<\/p>\n<h3 data-start=\"1225\" data-end=\"1543\">Une fragrance bois\u00e9e et envo\u00fbtante<\/h3>\n<ul>\n<li data-start=\"1021\" data-end=\"1068\"><strong data-start=\"1021\" data-end=\"1040\">Notes de t\u00eate :<\/strong> cardamome, c\u00e8dre du Maroc<\/li>\n<li data-start=\"1071\" data-end=\"1115\"><strong data-start=\"1071\" data-end=\"1090\">Notes de c\u0153ur :<\/strong> oud, bois de cachemire<\/li>\n<li data-start=\"1118\" data-end=\"1151\"><strong data-start=\"1118\" data-end=\"1137\">Notes de fond :<\/strong> musc, ambre<\/li>\n<\/ul>\n<h3 data-start=\"1573\" data-end=\"1598\"><strong data-start=\"1573\" data-end=\"1596\">Dur\u00e9e de combustion<\/strong><\/h3>\n<ul>\n<li data-start=\"1601\" data-end=\"1628\">100 g : environ 21 heures<\/li>\n<li data-start=\"1631\" data-end=\"1656\">280 g : environ 60 heures<\/li>\n<\/ul>\n<h3 data-start=\"1908\" data-end=\"2254\"><strong data-start=\"1908\" data-end=\"1950\">Compl\u00e9tez votre exp\u00e9rience sensorielle<\/strong><\/h3>\n<p class=\"\" data-start=\"1908\" data-end=\"2254\">Explorez toute la gamme <strong data-start=\"206\" data-end=\"244\"><a href=\"https:\/\/www.novani.be\/index.php\/les-sensorielles\/\">Les Sensorielles<\/a><\/strong>\u00a0: des bougies aux parfums captivants, des objets faits main pour enrichir votre quotidien, et des playlists qui accompagnent chaque humeur. Une invitation \u00e0 ralentir, \u00e0 savourer chaque instant, et \u00e0 cr\u00e9er une ambiance douce et accueillante dans votre maison.<\/p>\n","protected":false},"featured_media":5751,"comment_status":"closed","ping_status":"closed","template":"","meta":{"content-type":"","om_disable_all_campaigns":false,"_monsterinsights_skip_tracking":false,"_monsterinsights_sitenote_active":false,"_monsterinsights_sitenote_note":"","_monsterinsights_sitenote_category":0,"_uf_show_specific_survey":0,"_uf_disable_surveys":false,"ocean_post_layout":"","ocean_both_sidebars_style":"","ocean_both_sidebars_content_width":0,"ocean_both_sidebars_sidebars_width":0,"ocean_sidebar":"0","ocean_second_sidebar":"0","ocean_disable_margins":"enable","ocean_add_body_class":"","ocean_shortcode_before_top_bar":"","ocean_shortcode_after_top_bar":"","ocean_shortcode_before_header":"","ocean_shortcode_after_header":"","ocean_has_shortcode":"","ocean_shortcode_after_title":"","ocean_shortcode_before_footer_widgets":"","ocean_shortcode_after_footer_widgets":"","ocean_shortcode_before_footer_bottom":"","ocean_shortcode_after_footer_bottom":"","ocean_display_top_bar":"default","ocean_display_header":"default","ocean_header_style":"","ocean_center_header_left_menu":"0","ocean_custom_header_template":"0","ocean_custom_logo":0,"ocean_custom_retina_logo":0,"ocean_custom_logo_max_width":0,"ocean_custom_logo_tablet_max_width":0,"ocean_custom_logo_mobile_max_width":0,"ocean_custom_logo_max_height":0,"ocean_custom_logo_tablet_max_height":0,"ocean_custom_logo_mobile_max_height":0,"ocean_header_custom_menu":"0","ocean_menu_typo_font_family":"0","ocean_menu_typo_font_subset":"","ocean_menu_typo_font_size":0,"ocean_menu_typo_font_size_tablet":0,"ocean_menu_typo_font_size_mobile":0,"ocean_menu_typo_font_size_unit":"px","ocean_menu_typo_font_weight":"","ocean_menu_typo_font_weight_tablet":"","ocean_menu_typo_font_weight_mobile":"","ocean_menu_typo_transform":"","ocean_menu_typo_transform_tablet":"","ocean_menu_typo_transform_mobile":"","ocean_menu_typo_line_height":0,"ocean_menu_typo_line_height_tablet":0,"ocean_menu_typo_line_height_mobile":0,"ocean_menu_typo_line_height_unit":"","ocean_menu_typo_spacing":0,"ocean_menu_typo_spacing_tablet":0,"ocean_menu_typo_spacing_mobile":0,"ocean_menu_typo_spacing_unit":"","ocean_menu_link_color":"","ocean_menu_link_color_hover":"","ocean_menu_link_color_active":"","ocean_menu_link_background":"","ocean_menu_link_hover_background":"","ocean_menu_link_active_background":"","ocean_menu_social_links_bg":"","ocean_menu_social_hover_links_bg":"","ocean_menu_social_links_color":"","ocean_menu_social_hover_links_color":"","ocean_disable_title":"default","ocean_disable_heading":"default","ocean_post_title":"","ocean_post_subheading":"","ocean_post_title_style":"","ocean_post_title_background_color":"","ocean_post_title_background":0,"ocean_post_title_bg_image_position":"","ocean_post_title_bg_image_attachment":"","ocean_post_title_bg_image_repeat":"","ocean_post_title_bg_image_size":"","ocean_post_title_height":0,"ocean_post_title_bg_overlay":0.5,"ocean_post_title_bg_overlay_color":"","ocean_disable_breadcrumbs":"default","ocean_breadcrumbs_color":"","ocean_breadcrumbs_separator_color":"","ocean_breadcrumbs_links_color":"","ocean_breadcrumbs_links_hover_color":"","ocean_display_footer_widgets":"default","ocean_display_footer_bottom":"default","ocean_custom_footer_template":"0","ofc_meta_disable_footer_callout":"","ofc_meta_callout_button_url":"","ofc_meta_callout_button_txt":"","ofc_meta_callout_text":"","ofc_enable_fullscreen":"disable","ofc_fullscreen_speed":0,"ofc_fullscreen_nav":"enable","ofc_fullscreen_nav_pos":"right","ofc_fullscreen_nav_color":"","ofc_fullscreen_nav_tooltip_color":"","ofc_fullscreen_responsive":0,"osp_disable_panel":"default","osh_disable_topbar_sticky":"default","osh_disable_header_sticky":"default","osh_sticky_header_style":"default","osh_sticky_header_effect":"","osh_custom_sticky_logo":0,"osh_custom_retina_sticky_logo":0,"osh_custom_sticky_logo_height":0,"osh_background_color":"","osh_links_color":"","osh_links_hover_color":"","osh_links_active_color":"","osh_links_bg_color":"","osh_links_hover_bg_color":"","osh_links_active_bg_color":"","osh_menu_social_links_color":"","osh_menu_social_hover_links_color":""},"product_brand":[],"product_cat":[71,27,30,131,133],"product_tag":[66],"class_list":{"0":"post-5774","1":"product","2":"type-product","3":"status-publish","4":"has-post-thumbnail","6":"product_cat-bougies","7":"product_cat-la-boutique","8":"product_cat-les-parfumes","9":"product_cat-automne","10":"product_cat-noel","11":"product_tag-bougies","13":"entry","14":"has-media","16":"first","17":"instock","18":"shipping-taxable","19":"purchasable","20":"product-type-variable","21":"wvs-archive-product-wrapper","22":"has-product-nav","23":"col","24":"span_1_of_4","25":"owp-content-center","26":"item-entry","27":"owp-thumbs-layout-vertical","28":"owp-btn-normal","29":"owp-tabs-layout-vertical","31":"circle-sale"},"aioseo_notices":[],"_links":{"self":[{"href":"https:\/\/www.novani.be\/index.php\/wp-json\/wp\/v2\/product\/5774","targetHints":{"allow":["GET"]}}],"collection":[{"href":"https:\/\/www.novani.be\/index.php\/wp-json\/wp\/v2\/product"}],"about":[{"href":"https:\/\/www.novani.be\/index.php\/wp-json\/wp\/v2\/types\/product"}],"replies":[{"embeddable":true,"href":"https:\/\/www.novani.be\/index.php\/wp-json\/wp\/v2\/comments?post=5774"}],"wp:featuredmedia":[{"embeddable":true,"href":"https:\/\/www.novani.be\/index.php\/wp-json\/wp\/v2\/media\/5751"}],"wp:attachment":[{"href":"https:\/\/www.novani.be\/index.php\/wp-json\/wp\/v2\/media?parent=5774"}],"wp:term":[{"taxonomy":"product_brand","embeddable":true,"href":"https:\/\/www.novani.be\/index.php\/wp-json\/wp\/v2\/product_brand?post=5774"},{"taxonomy":"product_cat","embeddable":true,"href":"https:\/\/www.novani.be\/index.php\/wp-json\/wp\/v2\/product_cat?post=5774"},{"taxonomy":"product_tag","embeddable":true,"href":"https:\/\/www.novani.be\/index.php\/wp-json\/wp\/v2\/product_tag?post=5774"}],"curies":[{"name":"wp","href":"https:\/\/api.w.org\/{rel}","templated":true}]}}