{"id":5752,"date":"2025-08-30T20:17:23","date_gmt":"2025-08-30T18:17:23","guid":{"rendered":"https:\/\/www.novani.be\/?post_type=product&#038;p=5752"},"modified":"2026-02-02T11:00:21","modified_gmt":"2026-02-02T10:00:21","slug":"les-sensorielles-bouh-meme-pas-peur","status":"publish","type":"product","link":"https:\/\/www.novani.be\/index.php\/produit\/les-sensorielles-bouh-meme-pas-peur\/","title":{"rendered":"LES SENSORIELLES \u00abBOUH ! M\u00eame pas peur \u00bb"},"content":{"rendered":"<h2 data-start=\"523\" data-end=\"578\"><strong data-start=\"527\" data-end=\"576\">Bougie BOUH ! \u2014 M\u00eame pas peur<\/strong><\/h2>\n<h3 data-start=\"579\" data-end=\"617\"><strong data-start=\"579\" data-end=\"617\">Gamme exclusive &#8220;Les Sensorielles&#8221;<\/strong><\/h3>\n<p data-start=\"184\" data-end=\"582\">Avec <strong data-start=\"189\" data-end=\"199\">BOUH !<\/strong>, j\u2019ai voulu recr\u00e9er cette ambiance unique des soir\u00e9es d\u2019automne, quand l\u2019air devient frais et que l\u2019on se r\u00e9gale de parfums sucr\u00e9s et \u00e9pic\u00e9s. Une bougie qui \u00e9voque \u00e0 la fois la douceur des desserts de saison et la magie myst\u00e9rieuse des instants cocooning. C\u2019est un parfum qui rassure autant qu\u2019il intrigue, comme un clin d\u2019\u0153il \u00e0 nos frissons d\u2019enfant face aux ombres dans la nuit.<\/p>\n<p data-start=\"584\" data-end=\"849\">Un m\u00e9lange chaleureux o\u00f9 la fra\u00eecheur croquante de la pomme rencontre les \u00e9pices douces de la cannelle et du cumin, avant de se poser sur un fond vanill\u00e9 enveloppant. Un parfum r\u00e9confortant, sucr\u00e9 et l\u00e9g\u00e8rement \u00e9pic\u00e9, qui vous plonge imm\u00e9diatement dans l\u2019automne.<\/p>\n<h3 data-start=\"856\" data-end=\"900\">Une fragrance gourmande et myst\u00e9rieuse<\/h3>\n<p data-start=\"902\" data-end=\"941\"><strong data-start=\"902\" data-end=\"925\">Famille olfactive :<\/strong> fruit\u00e9, \u00e9pic\u00e9<\/p>\n<ul>\n<li data-start=\"945\" data-end=\"972\"><strong data-start=\"945\" data-end=\"964\">Notes de t\u00eate :<\/strong> cumin<\/li>\n<li data-start=\"975\" data-end=\"1012\"><strong data-start=\"975\" data-end=\"994\">Notes de c\u0153ur :<\/strong> pomme, cannelle<\/li>\n<li data-start=\"1015\" data-end=\"1044\"><strong data-start=\"1015\" data-end=\"1034\">Notes de fond :<\/strong> vanille<\/li>\n<\/ul>\n<p data-start=\"1046\" data-end=\"1153\">Un \u00e9quilibre subtil entre l\u2019\u00e9nergie des \u00e9pices, la rondeur fruit\u00e9e et la douceur gourmande de la vanille.<\/p>\n<h3 data-start=\"1160\" data-end=\"1205\">Une playlist pour frissonner de plaisir<\/h3>\n<p data-start=\"1206\" data-end=\"1548\">En allumant <strong data-start=\"1218\" data-end=\"1228\">BOUH !<\/strong>, une playlist vous accompagne pour cr\u00e9er l\u2019atmosph\u00e8re parfaite : entre douceur et frisson, id\u00e9ale pour une soir\u00e9e d\u2019automne, une lecture au coin du feu ou m\u00eame un marathon de films qui font peur\u2026 mais pas trop. Il suffit de scanner le QR code pour entrer dans cet univers musical \u00e0 la fois myst\u00e9rieux et r\u00e9confortant.<\/p>\n<h3 data-start=\"1555\" data-end=\"1587\">\u00c9cologique et rechargeable<\/h3>\n<p data-start=\"1588\" data-end=\"1868\">Comme toutes les bougies de la gamme <em data-start=\"1625\" data-end=\"1643\">Les Sensorielles<\/em>, <strong data-start=\"1645\" data-end=\"1655\">BOUH !<\/strong> est fabriqu\u00e9e \u00e0 la main en cire de soja europ\u00e9enne et parfums de Grasse, garantis sans substances nocives (sans phtalates, CMR ni reprotoxiques). Rechargeable facilement \u00e0 la maison, ou directement \u00e0 l\u2019atelier.<\/p>\n<p><strong data-start=\"2019\" data-end=\"2042\">Dur\u00e9e de combustion<\/strong><\/p>\n<ul>\n<li data-start=\"2047\" data-end=\"2074\">100 g : environ 21 heures<\/li>\n<li data-start=\"2077\" data-end=\"2102\">280 g : environ 60 heures<\/li>\n<\/ul>\n<h3 data-start=\"2238\" data-end=\"2562\"><strong data-start=\"2238\" data-end=\"2280\">Compl\u00e9tez votre exp\u00e9rience sensorielle<\/strong><\/h3>\n<p class=\"\" data-start=\"2238\" data-end=\"2562\">D\u00e9couvrez le reste de la collection <strong data-start=\"206\" data-end=\"244\"><a href=\"https:\/\/www.novani.be\/index.php\/les-sensorielles\/\">Les Sensorielles<\/a><\/strong>\u00a0: des bougies aux parfums envo\u00fbtants, des objets faits main pour enrichir votre quotidien, et des playlists pour chaque moment. Laissez chaque bougie transformer votre maison en un lieu de d\u00e9tente, de plaisir et de l\u00e9g\u00e8ret\u00e9.<\/p>\n","protected":false},"excerpt":{"rendered":"<h3 data-start=\"67\" data-end=\"95\">BOUH ! \u2014 M\u00eame pas peur<\/h3>\n<p class=\"\" data-start=\"196\" data-end=\"234\"><strong data-start=\"196\" data-end=\"234\">Gamme exclusive &#8220;<a href=\"https:\/\/www.novani.be\/index.php\/les-sensorielles\/\">Les Sensorielles<\/a>&#8220;<\/strong><\/p>\n<p data-start=\"138\" data-end=\"416\">Avec <strong data-start=\"143\" data-end=\"153\">BOUH !<\/strong>, plongez dans l\u2019automne avec un parfum sucr\u00e9 et \u00e9pic\u00e9 qui m\u00eale la fra\u00eecheur de la pomme, la chaleur de la cannelle et une touche gourmande de vanille. Un \u00e9quilibre r\u00e9confortant, parfait pour les soir\u00e9es cocooning\u2026 ou pour frissonner de plaisir sans avoir peur.<\/p>\n<p data-start=\"418\" data-end=\"457\"><strong data-start=\"418\" data-end=\"441\">Famille olfactive :<\/strong> fruit\u00e9, \u00e9pic\u00e9<\/p>\n<ul>\n<li data-start=\"460\" data-end=\"483\">Notes de t\u00eate : cumin<\/li>\n<li data-start=\"486\" data-end=\"519\">Notes de c\u0153ur : pomme, cannelle<\/li>\n<li data-start=\"522\" data-end=\"547\">Notes de fond : vanille<\/li>\n<\/ul>\n<p data-start=\"549\" data-end=\"680\">Fabriqu\u00e9e \u00e0 la main en cire de soja europ\u00e9enne et parfums de Grasse, <strong data-start=\"618\" data-end=\"628\">BOUH !<\/strong> est 100 % artisanale, \u00e9cologique et rechargeable.<\/p>\n<h3 data-start=\"1573\" data-end=\"1598\"><strong data-start=\"1573\" data-end=\"1596\">Dur\u00e9e de combustion<\/strong><\/h3>\n<ul>\n<li data-start=\"1601\" data-end=\"1628\">100 g : environ 21 heures<\/li>\n<li data-start=\"1631\" data-end=\"1656\">280 g : environ 60 heures<\/li>\n<\/ul>\n<h3 data-start=\"1908\" data-end=\"2254\"><strong data-start=\"1908\" data-end=\"1950\">Compl\u00e9tez votre exp\u00e9rience sensorielle<\/strong><\/h3>\n<p class=\"\" data-start=\"1908\" data-end=\"2254\">Explorez toute la gamme <strong data-start=\"206\" data-end=\"244\"><a href=\"https:\/\/www.novani.be\/index.php\/les-sensorielles\/\">Les Sensorielles<\/a><\/strong>\u00a0: des bougies aux parfums captivants, des objets faits main pour enrichir votre quotidien, et des playlists qui accompagnent chaque humeur. Une invitation \u00e0 ralentir, \u00e0 savourer chaque instant, et \u00e0 cr\u00e9er une ambiance douce et accueillante dans votre maison.<\/p>\n","protected":false},"featured_media":5747,"comment_status":"closed","ping_status":"closed","template":"","meta":{"content-type":"","om_disable_all_campaigns":false,"_monsterinsights_skip_tracking":false,"_monsterinsights_sitenote_active":false,"_monsterinsights_sitenote_note":"","_monsterinsights_sitenote_category":0,"_uf_show_specific_survey":0,"_uf_disable_surveys":false,"ocean_post_layout":"","ocean_both_sidebars_style":"","ocean_both_sidebars_content_width":0,"ocean_both_sidebars_sidebars_width":0,"ocean_sidebar":"0","ocean_second_sidebar":"0","ocean_disable_margins":"enable","ocean_add_body_class":"","ocean_shortcode_before_top_bar":"","ocean_shortcode_after_top_bar":"","ocean_shortcode_before_header":"","ocean_shortcode_after_header":"","ocean_has_shortcode":"","ocean_shortcode_after_title":"","ocean_shortcode_before_footer_widgets":"","ocean_shortcode_after_footer_widgets":"","ocean_shortcode_before_footer_bottom":"","ocean_shortcode_after_footer_bottom":"","ocean_display_top_bar":"default","ocean_display_header":"default","ocean_header_style":"","ocean_center_header_left_menu":"0","ocean_custom_header_template":"0","ocean_custom_logo":0,"ocean_custom_retina_logo":0,"ocean_custom_logo_max_width":0,"ocean_custom_logo_tablet_max_width":0,"ocean_custom_logo_mobile_max_width":0,"ocean_custom_logo_max_height":0,"ocean_custom_logo_tablet_max_height":0,"ocean_custom_logo_mobile_max_height":0,"ocean_header_custom_menu":"0","ocean_menu_typo_font_family":"0","ocean_menu_typo_font_subset":"","ocean_menu_typo_font_size":0,"ocean_menu_typo_font_size_tablet":0,"ocean_menu_typo_font_size_mobile":0,"ocean_menu_typo_font_size_unit":"px","ocean_menu_typo_font_weight":"","ocean_menu_typo_font_weight_tablet":"","ocean_menu_typo_font_weight_mobile":"","ocean_menu_typo_transform":"","ocean_menu_typo_transform_tablet":"","ocean_menu_typo_transform_mobile":"","ocean_menu_typo_line_height":0,"ocean_menu_typo_line_height_tablet":0,"ocean_menu_typo_line_height_mobile":0,"ocean_menu_typo_line_height_unit":"","ocean_menu_typo_spacing":0,"ocean_menu_typo_spacing_tablet":0,"ocean_menu_typo_spacing_mobile":0,"ocean_menu_typo_spacing_unit":"","ocean_menu_link_color":"","ocean_menu_link_color_hover":"","ocean_menu_link_color_active":"","ocean_menu_link_background":"","ocean_menu_link_hover_background":"","ocean_menu_link_active_background":"","ocean_menu_social_links_bg":"","ocean_menu_social_hover_links_bg":"","ocean_menu_social_links_color":"","ocean_menu_social_hover_links_color":"","ocean_disable_title":"default","ocean_disable_heading":"default","ocean_post_title":"","ocean_post_subheading":"","ocean_post_title_style":"","ocean_post_title_background_color":"","ocean_post_title_background":0,"ocean_post_title_bg_image_position":"","ocean_post_title_bg_image_attachment":"","ocean_post_title_bg_image_repeat":"","ocean_post_title_bg_image_size":"","ocean_post_title_height":0,"ocean_post_title_bg_overlay":0.5,"ocean_post_title_bg_overlay_color":"","ocean_disable_breadcrumbs":"default","ocean_breadcrumbs_color":"","ocean_breadcrumbs_separator_color":"","ocean_breadcrumbs_links_color":"","ocean_breadcrumbs_links_hover_color":"","ocean_display_footer_widgets":"default","ocean_display_footer_bottom":"default","ocean_custom_footer_template":"0","ofc_meta_disable_footer_callout":"","ofc_meta_callout_button_url":"","ofc_meta_callout_button_txt":"","ofc_meta_callout_text":"","ofc_enable_fullscreen":"disable","ofc_fullscreen_speed":0,"ofc_fullscreen_nav":"enable","ofc_fullscreen_nav_pos":"right","ofc_fullscreen_nav_color":"","ofc_fullscreen_nav_tooltip_color":"","ofc_fullscreen_responsive":0,"osp_disable_panel":"default","osh_disable_topbar_sticky":"default","osh_disable_header_sticky":"default","osh_sticky_header_style":"default","osh_sticky_header_effect":"","osh_custom_sticky_logo":0,"osh_custom_retina_sticky_logo":0,"osh_custom_sticky_logo_height":0,"osh_background_color":"","osh_links_color":"","osh_links_hover_color":"","osh_links_active_color":"","osh_links_bg_color":"","osh_links_hover_bg_color":"","osh_links_active_bg_color":"","osh_menu_social_links_color":"","osh_menu_social_hover_links_color":""},"product_brand":[],"product_cat":[71,27,30,131],"product_tag":[66],"class_list":{"0":"post-5752","1":"product","2":"type-product","3":"status-publish","4":"has-post-thumbnail","6":"product_cat-bougies","7":"product_cat-la-boutique","8":"product_cat-les-parfumes","9":"product_cat-automne","10":"product_tag-bougies","12":"entry","13":"has-media","15":"first","16":"instock","17":"shipping-taxable","18":"purchasable","19":"product-type-variable","20":"wvs-archive-product-wrapper","21":"has-product-nav","22":"col","23":"span_1_of_4","24":"owp-content-center","25":"item-entry","26":"owp-thumbs-layout-vertical","27":"owp-btn-normal","28":"owp-tabs-layout-vertical","30":"circle-sale"},"aioseo_notices":[],"_links":{"self":[{"href":"https:\/\/www.novani.be\/index.php\/wp-json\/wp\/v2\/product\/5752","targetHints":{"allow":["GET"]}}],"collection":[{"href":"https:\/\/www.novani.be\/index.php\/wp-json\/wp\/v2\/product"}],"about":[{"href":"https:\/\/www.novani.be\/index.php\/wp-json\/wp\/v2\/types\/product"}],"replies":[{"embeddable":true,"href":"https:\/\/www.novani.be\/index.php\/wp-json\/wp\/v2\/comments?post=5752"}],"wp:featuredmedia":[{"embeddable":true,"href":"https:\/\/www.novani.be\/index.php\/wp-json\/wp\/v2\/media\/5747"}],"wp:attachment":[{"href":"https:\/\/www.novani.be\/index.php\/wp-json\/wp\/v2\/media?parent=5752"}],"wp:term":[{"taxonomy":"product_brand","embeddable":true,"href":"https:\/\/www.novani.be\/index.php\/wp-json\/wp\/v2\/product_brand?post=5752"},{"taxonomy":"product_cat","embeddable":true,"href":"https:\/\/www.novani.be\/index.php\/wp-json\/wp\/v2\/product_cat?post=5752"},{"taxonomy":"product_tag","embeddable":true,"href":"https:\/\/www.novani.be\/index.php\/wp-json\/wp\/v2\/product_tag?post=5752"}],"curies":[{"name":"wp","href":"https:\/\/api.w.org\/{rel}","templated":true}]}}