{"id":2070,"date":"2024-08-07T20:57:52","date_gmt":"2024-08-07T18:57:52","guid":{"rendered":"https:\/\/www.novani.be\/?post_type=product&#038;p=2070"},"modified":"2025-01-05T17:55:28","modified_gmt":"2025-01-05T16:55:28","slug":"ensemble-indispensable","status":"publish","type":"product","link":"https:\/\/www.novani.be\/index.php\/produit\/ensemble-indispensable\/","title":{"rendered":"ENSEMBLE \u00ab\u00a0INDISPENSABLE \u00bb"},"content":{"rendered":"<h2>Ensemble \u00ab Indispensable \u00bb pour votre salle de bain ou cuisine<\/h2>\n<p>D\u00e9couvrez notre \u00e9l\u00e9gant ensemble de salle de bain ou cuisine en jesmonite, con\u00e7u pour allier esth\u00e9tique et fonctionnalit\u00e9 dans votre espace de d\u00e9tente ou votre cuisine.<br \/>\nCompos\u00e9 de deux pi\u00e8ces, cet ensemble est sp\u00e9cialement trait\u00e9 pour r\u00e9sister \u00e0 l&#8217;humidit\u00e9 caract\u00e9ristique des salles de bain et cuisines :<\/p>\n<ol>\n<li><strong>Petit plateau vide-poches en terrazzo d\u2019ormeaux (18,5 cm x 10 cm) :<\/strong> Ce plateau vide-poches, au design unique et aux nuances naturelles, offre une surface pratique et styl\u00e9e pour organiser vos bijoux ou accessoires.<\/li>\n<li><b>Porte-savon design en terrazzo d\u2019ormeaux : <\/b>Ce porte-savon, moderne et robuste est id\u00e9al pour garder au sec votre savon pr\u00e9f\u00e9r\u00e9 tout en amenant une touche de raffinement \u00e0 votre lavabo.<\/li>\n<\/ol>\n<p>Chaque pi\u00e8ce de cet ensemble est con\u00e7ue avec soin pour r\u00e9sister \u00e0 l&#8217;humidit\u00e9 et conserver son \u00e9clat dans l\u2019environnement humide des salles de bain ou cuisine, alliant ainsi durabilit\u00e9 et beaut\u00e9 naturelle.<\/p>\n","protected":false},"excerpt":{"rendered":"<h2>Ensemble \u00ab Indispensable \u00bb pour votre salle de bain ou cuisine<\/h2>\n<p>D\u00e9couvrez notre ensemble de salle de bain ou cuisine en jesmonite, alliant esth\u00e9tique et durabilit\u00e9, sp\u00e9cialement trait\u00e9 pour l&#8217;humidit\u00e9 :<\/p>\n<ol>\n<li><strong>Petit plateau vide-poches en terrazzo d\u2019ormeaux (18,5 cm x 10 cm) :<\/strong> Ce plateau vide-poches, au design unique et aux nuances naturelles, offre une surface pratique et styl\u00e9e pour organiser vos bijoux ou accessoires.<\/li>\n<li><b>Porte-savon design en terrazzo d\u2019ormeaux : <\/b>Ce porte-savon, moderne et robuste est id\u00e9al pour garder au sec votre savon pr\u00e9f\u00e9r\u00e9 tout en amenant une touche de raffinement \u00e0 votre lavabo.<\/li>\n<\/ol>\n<p>Cet ensemble r\u00e9siste \u00e0 l&#8217;humidit\u00e9 et conserve son \u00e9clat, parfait pour embellir votre salle de bain ou cuisine.<\/p>\n","protected":false},"featured_media":2073,"comment_status":"open","ping_status":"closed","template":"","meta":{"content-type":"","om_disable_all_campaigns":false,"_monsterinsights_skip_tracking":false,"_monsterinsights_sitenote_active":false,"_monsterinsights_sitenote_note":"","_monsterinsights_sitenote_category":0,"_uf_show_specific_survey":0,"_uf_disable_surveys":false,"ocean_post_layout":"","ocean_both_sidebars_style":"","ocean_both_sidebars_content_width":0,"ocean_both_sidebars_sidebars_width":0,"ocean_sidebar":"0","ocean_second_sidebar":"0","ocean_disable_margins":"enable","ocean_add_body_class":"","ocean_shortcode_before_top_bar":"","ocean_shortcode_after_top_bar":"","ocean_shortcode_before_header":"","ocean_shortcode_after_header":"","ocean_has_shortcode":"","ocean_shortcode_after_title":"","ocean_shortcode_before_footer_widgets":"","ocean_shortcode_after_footer_widgets":"","ocean_shortcode_before_footer_bottom":"","ocean_shortcode_after_footer_bottom":"","ocean_display_top_bar":"default","ocean_display_header":"default","ocean_header_style":"","ocean_center_header_left_menu":"0","ocean_custom_header_template":"0","ocean_custom_logo":0,"ocean_custom_retina_logo":0,"ocean_custom_logo_max_width":0,"ocean_custom_logo_tablet_max_width":0,"ocean_custom_logo_mobile_max_width":0,"ocean_custom_logo_max_height":0,"ocean_custom_logo_tablet_max_height":0,"ocean_custom_logo_mobile_max_height":0,"ocean_header_custom_menu":"0","ocean_menu_typo_font_family":"0","ocean_menu_typo_font_subset":"","ocean_menu_typo_font_size":0,"ocean_menu_typo_font_size_tablet":0,"ocean_menu_typo_font_size_mobile":0,"ocean_menu_typo_font_size_unit":"px","ocean_menu_typo_font_weight":"","ocean_menu_typo_font_weight_tablet":"","ocean_menu_typo_font_weight_mobile":"","ocean_menu_typo_transform":"","ocean_menu_typo_transform_tablet":"","ocean_menu_typo_transform_mobile":"","ocean_menu_typo_line_height":0,"ocean_menu_typo_line_height_tablet":0,"ocean_menu_typo_line_height_mobile":0,"ocean_menu_typo_line_height_unit":"","ocean_menu_typo_spacing":0,"ocean_menu_typo_spacing_tablet":0,"ocean_menu_typo_spacing_mobile":0,"ocean_menu_typo_spacing_unit":"","ocean_menu_link_color":"","ocean_menu_link_color_hover":"","ocean_menu_link_color_active":"","ocean_menu_link_background":"","ocean_menu_link_hover_background":"","ocean_menu_link_active_background":"","ocean_menu_social_links_bg":"","ocean_menu_social_hover_links_bg":"","ocean_menu_social_links_color":"","ocean_menu_social_hover_links_color":"","ocean_disable_title":"default","ocean_disable_heading":"default","ocean_post_title":"","ocean_post_subheading":"","ocean_post_title_style":"","ocean_post_title_background_color":"","ocean_post_title_background":0,"ocean_post_title_bg_image_position":"","ocean_post_title_bg_image_attachment":"","ocean_post_title_bg_image_repeat":"","ocean_post_title_bg_image_size":"","ocean_post_title_height":0,"ocean_post_title_bg_overlay":0.5,"ocean_post_title_bg_overlay_color":"","ocean_disable_breadcrumbs":"default","ocean_breadcrumbs_color":"","ocean_breadcrumbs_separator_color":"","ocean_breadcrumbs_links_color":"","ocean_breadcrumbs_links_hover_color":"","ocean_display_footer_widgets":"default","ocean_display_footer_bottom":"default","ocean_custom_footer_template":"0","ofc_meta_disable_footer_callout":"","ofc_meta_callout_button_url":"","ofc_meta_callout_button_txt":"","ofc_meta_callout_text":"","ofc_enable_fullscreen":"disable","ofc_fullscreen_speed":0,"ofc_fullscreen_nav":"enable","ofc_fullscreen_nav_pos":"right","ofc_fullscreen_nav_color":"","ofc_fullscreen_nav_tooltip_color":"","ofc_fullscreen_responsive":0,"osp_disable_panel":"default","osh_disable_topbar_sticky":"default","osh_disable_header_sticky":"default","osh_sticky_header_style":"default","osh_sticky_header_effect":"","osh_custom_sticky_logo":0,"osh_custom_retina_sticky_logo":0,"osh_custom_sticky_logo_height":0,"osh_background_color":"","osh_links_color":"","osh_links_hover_color":"","osh_links_active_color":"","osh_links_bg_color":"","osh_links_hover_bg_color":"","osh_links_active_bg_color":"","osh_menu_social_links_color":"","osh_menu_social_hover_links_color":""},"product_brand":[],"product_cat":[28,27],"product_tag":[],"class_list":{"0":"post-2070","1":"product","2":"type-product","3":"status-publish","4":"has-post-thumbnail","6":"product_cat-articles-sdb","7":"product_cat-la-boutique","9":"entry","10":"has-media","12":"first","13":"instock","14":"sale","15":"shipping-taxable","16":"purchasable","17":"product-type-variable","18":"wvs-archive-product-wrapper","19":"has-product-nav","20":"col","21":"span_1_of_4","22":"owp-content-center","23":"item-entry","24":"owp-thumbs-layout-vertical","25":"owp-btn-normal","26":"owp-tabs-layout-vertical","28":"circle-sale"},"aioseo_notices":[],"_links":{"self":[{"href":"https:\/\/www.novani.be\/index.php\/wp-json\/wp\/v2\/product\/2070","targetHints":{"allow":["GET"]}}],"collection":[{"href":"https:\/\/www.novani.be\/index.php\/wp-json\/wp\/v2\/product"}],"about":[{"href":"https:\/\/www.novani.be\/index.php\/wp-json\/wp\/v2\/types\/product"}],"replies":[{"embeddable":true,"href":"https:\/\/www.novani.be\/index.php\/wp-json\/wp\/v2\/comments?post=2070"}],"wp:featuredmedia":[{"embeddable":true,"href":"https:\/\/www.novani.be\/index.php\/wp-json\/wp\/v2\/media\/2073"}],"wp:attachment":[{"href":"https:\/\/www.novani.be\/index.php\/wp-json\/wp\/v2\/media?parent=2070"}],"wp:term":[{"taxonomy":"product_brand","embeddable":true,"href":"https:\/\/www.novani.be\/index.php\/wp-json\/wp\/v2\/product_brand?post=2070"},{"taxonomy":"product_cat","embeddable":true,"href":"https:\/\/www.novani.be\/index.php\/wp-json\/wp\/v2\/product_cat?post=2070"},{"taxonomy":"product_tag","embeddable":true,"href":"https:\/\/www.novani.be\/index.php\/wp-json\/wp\/v2\/product_tag?post=2070"}],"curies":[{"name":"wp","href":"https:\/\/api.w.org\/{rel}","templated":true}]}}