{"id":1472,"date":"2024-05-19T16:17:42","date_gmt":"2024-05-19T14:17:42","guid":{"rendered":"https:\/\/www.novani.be\/?page_id=1472"},"modified":"2024-05-19T16:17:42","modified_gmt":"2024-05-19T14:17:42","slug":"politique-de-confidentialite-de-novani","status":"publish","type":"page","link":"https:\/\/www.novani.be\/index.php\/politique-de-confidentialite-de-novani\/","title":{"rendered":"Politique de confidentialit\u00e9 de Novani"},"content":{"rendered":"\n<p>La pr\u00e9sente Politique de confidentialit\u00e9 d\u00e9crit la fa\u00e7on dont vos informations personnelles sont recueillies, utilis\u00e9es et partag\u00e9es lorsque vous vous rendez sur&nbsp;<a href=\"https:\/\/web.archive.org\/web\/20231206070700\/https:\/\/www.novani.be\/\">www.novani.be<\/a>&nbsp;(le \u00ab Site \u00bb) ou que vous y effectuez un achat.<\/p>\n\n\n\n<h2 class=\"wp-block-heading\">INFORMATIONS PERSONNELLES RECUEILLIES<\/h2>\n\n\n\n<p>Lorsque vous vous rendez sur le Site, nous recueillons automatiquement certaines informations concernant votre appareil, notamment des informations sur votre navigateur web, votre adresse IP, votre fuseau horaire et certains des cookies qui sont install\u00e9s sur votre appareil. En outre, lorsque vous parcourez le Site, nous recueillons des informations sur les pages web ou produits individuels que vous consultez, les sites web ou les termes de recherche qui vous ont permis d\u2019arriver sur le Site, ainsi que des informations sur la mani\u00e8re dont vous interagissez avec le Site. Nous d\u00e9signons ces informations collect\u00e9es automatiquement sous l\u2019appellation \u00ab Informations sur l\u2019appareil \u00bb.<\/p>\n\n\n\n<p>Nous recueillons les Informations sur l\u2019appareil \u00e0 l\u2019aide des technologies suivantes :<\/p>\n\n\n\n<p>FICHIERS T\u00c9MOINS (COOKIES)<\/p>\n\n\n\n<p>Voici une liste de fichiers t\u00e9moins que nous utilisons. Nous les avons \u00e9num\u00e9r\u00e9s ici pour que vous ayez la possibilit\u00e9 de choisir si vous souhaitez les autoriser ou non.<\/p>\n\n\n\n<p>htddghdhfgh<\/p>\n\n\n\n<ul class=\"wp-block-list\">\n<li>Les \u00ab fichiers journaux \u00bb suivent l\u2019activit\u00e9 du Site et recueillent des donn\u00e9es telles que votre adresse IP, le type de navigateur que vous utilisez, votre fournisseur d\u2019acc\u00e8s Internet, vos pages r\u00e9f\u00e9rentes et de sortie, et vos donn\u00e9es d\u2019horodatage (date et heure).<\/li>\n\n\n\n<li>Les \u00ab pixels invisibles \u00bb, les \u00ab balises \u00bb et les \u00ab pixels \u00bb sont des fichiers \u00e9lectroniques qui enregistrent des informations sur la fa\u00e7on dont vous parcourez le Site.<\/li>\n<\/ul>\n\n\n\n<p>Par ailleurs, lorsque vous effectuez ou tentez d\u2019effectuer un achat par le biais du Site, nous recueillons certaines informations vous concernant, notamment votre nom, votre adresse de facturation, votre adresse d\u2019exp\u00e9dition, vos informations de paiement (y compris vos num\u00e9ros de cartes de cr\u00e9dit, votre adresse e-mail et votre num\u00e9ro de t\u00e9l\u00e9phone. &nbsp;Ces informations collect\u00e9es automatiquement sont d\u00e9sign\u00e9es par l\u2019appellation \u00ab Informations sur la commande \u00bb.<\/p>\n\n\n\n<p>Lorsque nous utilisons l\u2019expression \u00ab Informations personnelles \u00bb dans la pr\u00e9sente Politique de confidentialit\u00e9, nous faisons allusion \u00e0 la fois aux Informations sur l\u2019appareil et aux Informations sur la commande.<\/p>\n\n\n\n<h2 class=\"wp-block-heading\">COMMENT UTILISONS-NOUS VOS INFORMATIONS PERSONNELLES ?<\/h2>\n\n\n\n<p>En r\u00e8gle g\u00e9n\u00e9rale, nous utilisons les Informations sur la commande que nous recueillons pour traiter toute commande pass\u00e9e par le biais du Site (y compris pour traiter vos informations de paiement, organiser l\u2019exp\u00e9dition de votre commande et vous fournir des factures et\/ou des confirmations de commande). &nbsp;En outre, nous utilisons ces Informations sur la commande pour :<\/p>\n\n\n\n<p>communiquer avec vous ;<\/p>\n\n\n\n<p>\u00e9valuer les fraudes ou risques potentiels ; et<\/p>\n\n\n\n<p>lorsque cela correspond aux pr\u00e9f\u00e9rences que vous nous avez communiqu\u00e9es, vous fournir des informations ou des publicit\u00e9s concernant nos produits ou services.<\/p>\n\n\n\n<p>Nous utilisons les Informations sur l\u2019appareil (en particulier votre adresse IP) que nous recueillons pour \u00e9valuer les fraudes ou risques potentiels et, de mani\u00e8re plus g\u00e9n\u00e9rale, pour am\u00e9liorer et optimiser notre Site (par exemple, en g\u00e9n\u00e9rant des analyses sur la fa\u00e7on dont nos clients parcourent et interagissent avec le Site, et pour \u00e9valuer la r\u00e9ussite de nos campagnes de publicit\u00e9 et de marketing).<\/p>\n\n\n\n<h3 class=\"wp-block-heading\">PARTAGE DE VOS INFORMATIONS PERSONNELLES<\/h3>\n\n\n\n<p>Nous partageons vos Informations personnelles avec des tiers qui nous aident \u00e0 les utiliser aux fins d\u00e9crites pr\u00e9c\u00e9demment. &nbsp;Nous utilisons, par exemple, Google Analytics pour mieux comprendre comment nos clients utilisent le Site \u2013 pour en savoir plus sur l\u2019utilisation de vos Informations personnelles par Google, veuillez consulter la page suivante :&nbsp;<a href=\"https:\/\/web.archive.org\/web\/20231206070700\/https:\/\/www.google.com\/intl\/fr\/policies\/privacy\/\">https:\/\/www.google.com\/intl\/fr\/policies\/privacy\/<\/a>. &nbsp;Vous pouvez aussi d\u00e9sactiver Google Analytics ici :&nbsp;<a href=\"https:\/\/web.archive.org\/web\/20231206070700\/https:\/\/tools.google.com\/dlpage\/gaoptout\">https:\/\/tools.google.com\/dlpage\/gaoptout<\/a>.<\/p>\n\n\n\n<p>Enfin, il se peut que nous partagions aussi vos Informations personnelles pour respecter les lois et r\u00e8glementations applicables, r\u00e9pondre \u00e0 une assignation, \u00e0 un mandat de perquisition ou \u00e0 toute autre demande l\u00e9gale de renseignements que nous recevons, ou pour prot\u00e9ger nos droits.<\/p>\n\n\n\n<h2 class=\"wp-block-heading\">PUBLICIT\u00c9 COMPORTEMENTALE<\/h2>\n\n\n\n<p>Comme indiqu\u00e9 ci-dessus, nous utilisons vos Informations personnelles pour vous proposer des publicit\u00e9s cibl\u00e9es ou des messages de marketing qui, selon nous, pourraient vous int\u00e9resser. &nbsp;Pour en savoir plus sur le fonctionnement de la publicit\u00e9 cibl\u00e9e, vous pouvez consulter la page d\u2019information de la Network Advertising Initiative (NAI) \u00e0 l\u2019adresse suivante :&nbsp;<a href=\"https:\/\/web.archive.org\/web\/20231206070700\/http:\/\/www.networkadvertising.org\/understanding-online-advertising\/how-does-it-work\">http:\/\/www.networkadvertising.org\/understanding-online-advertising\/how-does-it-work<\/a>.<\/p>\n\n\n\n<p>Vous pouvez refuser la publicit\u00e9 cibl\u00e9e ici :<\/p>\n\n\n\n<p>En outre, vous pouvez refuser certains de ces services en vous rendant sur le portail de d\u00e9sactivation de Digital Advertising Alliance \u00e0 l\u2019adresse suivante :&nbsp;<a href=\"https:\/\/web.archive.org\/web\/20231206070700\/https:\/\/optout.aboutads.info\/?c=3&amp;lang=fr\">https:\/\/optout.aboutads.info\/?c=3&amp;lang=fr<\/a>.<\/p>\n\n\n\n<h2 class=\"wp-block-heading\">NE PAS SUIVRE<\/h2>\n\n\n\n<p>Veuillez noter que nous ne modifions pas la collecte de donn\u00e9es de notre Site et nos pratiques d\u2019utilisation lorsque nous d\u00e9tectons un signal \u00ab Ne pas suivre \u00bb sur votre navigateur.<\/p>\n\n\n\n<h2 class=\"wp-block-heading\">VOS DROITS<\/h2>\n\n\n\n<p>Si vous \u00eates r\u00e9sident(e) europ\u00e9en(ne), vous disposez d\u2019un droit d\u2019acc\u00e8s aux informations personnelles que nous d\u00e9tenons \u00e0 votre sujet et vous pouvez demander \u00e0 ce qu\u2019elles soient corrig\u00e9es, mises \u00e0 jour ou supprim\u00e9es. Si vous souhaitez exercer ce droit, veuillez nous contacter au moyen des coordonn\u00e9es pr\u00e9cis\u00e9es ci-dessous.<\/p>\n\n\n\n<p>Par ailleurs, si vous \u00eates r\u00e9sident(e) europ\u00e9en(ne), notez que nous traitons vos informations dans le but de remplir nos obligations contractuelles \u00e0 votre \u00e9gard (par exemple si vous passez une commande sur le Site) ou de poursuivre nos int\u00e9r\u00eats commerciaux l\u00e9gitimes, \u00e9num\u00e9r\u00e9s ci-dessus. &nbsp;Veuillez \u00e9galement noter que vos informations seront transf\u00e9r\u00e9es hors de l\u2019Europe, y compris au Canada et aux \u00c9tats-Unis.<\/p>\n\n\n\n<h2 class=\"wp-block-heading\">R\u00c9TENTION DES DONN\u00c9ES<\/h2>\n\n\n\n<p>Lorsque vous passez une commande par l\u2019interm\u00e9diaire du Site, nous conservons les Informations sur votre commande dans nos dossiers, sauf si et jusqu\u2019\u00e0 ce que vous nous demandiez de les supprimer.<\/p>\n\n\n\n<h2 class=\"wp-block-heading\">CHANGEMENTS<\/h2>\n\n\n\n<p>Nous pouvons \u00eatre amen\u00e9s \u00e0 modifier la pr\u00e9sente politique de confidentialit\u00e9 de temps \u00e0 autre afin d\u2019y refl\u00e9ter, par exemple, les changements apport\u00e9s \u00e0 nos pratiques ou pour d\u2019autres motifs op\u00e9rationnels, juridiques ou r\u00e9glementaires.<\/p>\n\n\n\n<h2 class=\"wp-block-heading\">NOUS CONTACTER<\/h2>\n\n\n\n<p>Pour en savoir plus sur nos pratiques de confidentialit\u00e9, si vous avez des questions ou si vous souhaitez d\u00e9poser une r\u00e9clamation, veuillez nous contacter par e-mail \u00e0 atelier@novani.be, ou par courrier \u00e0 l\u2019adresse suivante : &nbsp;Rue des Moissons 18, Ans, 4430, Belgique<\/p>\n","protected":false},"excerpt":{"rendered":"<p>La pr\u00e9sente Politique de confidentialit\u00e9 d\u00e9crit la fa\u00e7on dont vos informations personnelles sont recueillies, utilis\u00e9es et partag\u00e9es lorsque vous vous rendez sur&nbsp;www.novani.be&nbsp;(le \u00ab Site \u00bb) ou que vous y effectuez un achat. INFORMATIONS PERSONNELLES RECUEILLIES Lorsque vous vous rendez sur le Site, nous recueillons automatiquement certaines informations concernant votre appareil, notamment des informations sur votre [&hellip;]<\/p>\n","protected":false},"author":1,"featured_media":0,"parent":0,"menu_order":0,"comment_status":"closed","ping_status":"closed","template":"","meta":{"content-type":"","om_disable_all_campaigns":false,"_monsterinsights_skip_tracking":false,"_monsterinsights_sitenote_active":false,"_monsterinsights_sitenote_note":"","_monsterinsights_sitenote_category":0,"_uf_show_specific_survey":0,"_uf_disable_surveys":false,"ocean_post_layout":"","ocean_both_sidebars_style":"","ocean_both_sidebars_content_width":0,"ocean_both_sidebars_sidebars_width":0,"ocean_sidebar":"","ocean_second_sidebar":"","ocean_disable_margins":"enable","ocean_add_body_class":"","ocean_shortcode_before_top_bar":"","ocean_shortcode_after_top_bar":"","ocean_shortcode_before_header":"","ocean_shortcode_after_header":"","ocean_has_shortcode":"","ocean_shortcode_after_title":"","ocean_shortcode_before_footer_widgets":"","ocean_shortcode_after_footer_widgets":"","ocean_shortcode_before_footer_bottom":"","ocean_shortcode_after_footer_bottom":"","ocean_display_top_bar":"default","ocean_display_header":"default","ocean_header_style":"","ocean_center_header_left_menu":"","ocean_custom_header_template":"","ocean_custom_logo":0,"ocean_custom_retina_logo":0,"ocean_custom_logo_max_width":0,"ocean_custom_logo_tablet_max_width":0,"ocean_custom_logo_mobile_max_width":0,"ocean_custom_logo_max_height":0,"ocean_custom_logo_tablet_max_height":0,"ocean_custom_logo_mobile_max_height":0,"ocean_header_custom_menu":"","ocean_menu_typo_font_family":"","ocean_menu_typo_font_subset":"","ocean_menu_typo_font_size":0,"ocean_menu_typo_font_size_tablet":0,"ocean_menu_typo_font_size_mobile":0,"ocean_menu_typo_font_size_unit":"px","ocean_menu_typo_font_weight":"","ocean_menu_typo_font_weight_tablet":"","ocean_menu_typo_font_weight_mobile":"","ocean_menu_typo_transform":"","ocean_menu_typo_transform_tablet":"","ocean_menu_typo_transform_mobile":"","ocean_menu_typo_line_height":0,"ocean_menu_typo_line_height_tablet":0,"ocean_menu_typo_line_height_mobile":0,"ocean_menu_typo_line_height_unit":"","ocean_menu_typo_spacing":0,"ocean_menu_typo_spacing_tablet":0,"ocean_menu_typo_spacing_mobile":0,"ocean_menu_typo_spacing_unit":"","ocean_menu_link_color":"","ocean_menu_link_color_hover":"","ocean_menu_link_color_active":"","ocean_menu_link_background":"","ocean_menu_link_hover_background":"","ocean_menu_link_active_background":"","ocean_menu_social_links_bg":"","ocean_menu_social_hover_links_bg":"","ocean_menu_social_links_color":"","ocean_menu_social_hover_links_color":"","ocean_disable_title":"default","ocean_disable_heading":"default","ocean_post_title":"","ocean_post_subheading":"","ocean_post_title_style":"","ocean_post_title_background_color":"","ocean_post_title_background":0,"ocean_post_title_bg_image_position":"","ocean_post_title_bg_image_attachment":"","ocean_post_title_bg_image_repeat":"","ocean_post_title_bg_image_size":"","ocean_post_title_height":0,"ocean_post_title_bg_overlay":0.5,"ocean_post_title_bg_overlay_color":"","ocean_disable_breadcrumbs":"default","ocean_breadcrumbs_color":"","ocean_breadcrumbs_separator_color":"","ocean_breadcrumbs_links_color":"","ocean_breadcrumbs_links_hover_color":"","ocean_display_footer_widgets":"default","ocean_display_footer_bottom":"default","ocean_custom_footer_template":"","ofc_meta_disable_footer_callout":"","ofc_meta_callout_button_url":"","ofc_meta_callout_button_txt":"","ofc_meta_callout_text":"","ofc_enable_fullscreen":"disable","ofc_fullscreen_speed":0,"ofc_fullscreen_nav":"enable","ofc_fullscreen_nav_pos":"right","ofc_fullscreen_nav_color":"","ofc_fullscreen_nav_tooltip_color":"","ofc_fullscreen_responsive":0,"osp_disable_panel":"default","osh_disable_topbar_sticky":"default","osh_disable_header_sticky":"default","osh_sticky_header_style":"default","osh_sticky_header_effect":"","osh_custom_sticky_logo":0,"osh_custom_retina_sticky_logo":0,"osh_custom_sticky_logo_height":0,"osh_background_color":"","osh_links_color":"","osh_links_hover_color":"","osh_links_active_color":"","osh_links_bg_color":"","osh_links_hover_bg_color":"","osh_links_active_bg_color":"","osh_menu_social_links_color":"","osh_menu_social_hover_links_color":"","footnotes":""},"class_list":["post-1472","page","type-page","status-publish","hentry","entry","owp-thumbs-layout-vertical","owp-btn-normal","owp-tabs-layout-vertical","has-no-thumbnails","has-product-nav","circle-sale"],"aioseo_notices":[],"_links":{"self":[{"href":"https:\/\/www.novani.be\/index.php\/wp-json\/wp\/v2\/pages\/1472","targetHints":{"allow":["GET"]}}],"collection":[{"href":"https:\/\/www.novani.be\/index.php\/wp-json\/wp\/v2\/pages"}],"about":[{"href":"https:\/\/www.novani.be\/index.php\/wp-json\/wp\/v2\/types\/page"}],"author":[{"embeddable":true,"href":"https:\/\/www.novani.be\/index.php\/wp-json\/wp\/v2\/users\/1"}],"replies":[{"embeddable":true,"href":"https:\/\/www.novani.be\/index.php\/wp-json\/wp\/v2\/comments?post=1472"}],"version-history":[{"count":2,"href":"https:\/\/www.novani.be\/index.php\/wp-json\/wp\/v2\/pages\/1472\/revisions"}],"predecessor-version":[{"id":3345,"href":"https:\/\/www.novani.be\/index.php\/wp-json\/wp\/v2\/pages\/1472\/revisions\/3345"}],"wp:attachment":[{"href":"https:\/\/www.novani.be\/index.php\/wp-json\/wp\/v2\/media?parent=1472"}],"curies":[{"name":"wp","href":"https:\/\/api.w.org\/{rel}","templated":true}]}}